{"id":41031,"date":"2024-06-03T14:14:39","date_gmt":"2024-06-03T14:14:39","guid":{"rendered":"https:\/\/staliprodistribution.com\/?post_type=product&#038;p=41031"},"modified":"2024-06-03T14:16:44","modified_gmt":"2024-06-03T14:16:44","slug":"originales-snackis-100-poulet-300g","status":"publish","type":"product","link":"https:\/\/staliprodistribution.com\/fr\/product\/originales-snackis-100-poulet-300g\/","title":{"rendered":"Originales Snacki&rsquo;s 100% poulet 300G"},"content":{"rendered":"","protected":false},"excerpt":{"rendered":"<div class=\"flex-shrink-0 flex flex-col relative items-end\">\n<div class=\"pt-0.5 juice:pt-0\">\n<div class=\"gizmo-bot-avatar flex h-6 w-6 items-center justify-center overflow-hidden rounded-full juice:h-8 juice:w-8\">\n<div class=\"relative p-1 rounded-sm flex items-center justify-center bg-token-main-surface-primary text-token-text-primary h-8 w-8\">\n<div class=\"flex-shrink-0 flex flex-col relative items-end\">\n<div class=\"pt-0.5 juice:pt-0\">\n<div class=\"gizmo-bot-avatar flex h-6 w-6 items-center justify-center overflow-hidden rounded-full juice:h-8 juice:w-8\">\n<div class=\"relative p-1 rounded-sm flex items-center justify-center bg-token-main-surface-primary text-token-text-primary h-8 w-8\">Pr\u00e9par\u00e9es \u00e0 partir de viande de poulet de qualit\u00e9 sup\u00e9rieure, ces bouch\u00e9es sont l\u00e9g\u00e8rement assaisonn\u00e9es pour rehausser leur saveur naturelle.<\/div>\n<\/div>\n<\/div>\n<\/div>\n<\/div>\n<\/div>\n<\/div>\n<\/div>","protected":false},"featured_media":41032,"template":"","meta":[],"product_cat":[150],"product_tag":[],"class_list":{"0":"post-41031","1":"product","2":"type-product","3":"status-publish","4":"has-post-thumbnail","6":"product_cat-produits-frais-islamondial","9":"first","10":"instock","11":"shipping-taxable","12":"product-type-simple"},"aioseo_notices":[],"_links":{"self":[{"href":"https:\/\/staliprodistribution.com\/fr\/wp-json\/wp\/v2\/product\/41031"}],"collection":[{"href":"https:\/\/staliprodistribution.com\/fr\/wp-json\/wp\/v2\/product"}],"about":[{"href":"https:\/\/staliprodistribution.com\/fr\/wp-json\/wp\/v2\/types\/product"}],"version-history":[{"count":1,"href":"https:\/\/staliprodistribution.com\/fr\/wp-json\/wp\/v2\/product\/41031\/revisions"}],"predecessor-version":[{"id":41033,"href":"https:\/\/staliprodistribution.com\/fr\/wp-json\/wp\/v2\/product\/41031\/revisions\/41033"}],"wp:featuredmedia":[{"embeddable":true,"href":"https:\/\/staliprodistribution.com\/fr\/wp-json\/wp\/v2\/media\/41032"}],"wp:attachment":[{"href":"https:\/\/staliprodistribution.com\/fr\/wp-json\/wp\/v2\/media?parent=41031"}],"wp:term":[{"taxonomy":"product_cat","embeddable":true,"href":"https:\/\/staliprodistribution.com\/fr\/wp-json\/wp\/v2\/product_cat?post=41031"},{"taxonomy":"product_tag","embeddable":true,"href":"https:\/\/staliprodistribution.com\/fr\/wp-json\/wp\/v2\/product_tag?post=41031"}],"curies":[{"name":"wp","href":"https:\/\/api.w.org\/{rel}","templated":true}]}}