{"id":41000,"date":"2024-06-03T13:57:00","date_gmt":"2024-06-03T13:57:00","guid":{"rendered":"https:\/\/staliprodistribution.com\/?post_type=product&#038;p=41000"},"modified":"2024-06-03T13:57:47","modified_gmt":"2024-06-03T13:57:47","slug":"crunchy-tenders-hot-spicy-400g","status":"publish","type":"product","link":"https:\/\/staliprodistribution.com\/fr\/product\/crunchy-tenders-hot-spicy-400g\/","title":{"rendered":"Crunchy Tenders Hot &#038; Spicy 400G"},"content":{"rendered":"","protected":false},"excerpt":{"rendered":"<div class=\"flex-shrink-0 flex flex-col relative items-end\">\n<div class=\"pt-0.5 juice:pt-0\">\n<div class=\"gizmo-bot-avatar flex h-6 w-6 items-center justify-center overflow-hidden rounded-full juice:h-8 juice:w-8\">\n<div class=\"relative p-1 rounded-sm flex items-center justify-center bg-token-main-surface-primary text-token-text-primary h-8 w-8\">\n<div class=\"flex-shrink-0 flex flex-col relative items-end\">\n<div class=\"pt-0.5 juice:pt-0\">\n<div class=\"gizmo-bot-avatar flex h-6 w-6 items-center justify-center overflow-hidden rounded-full juice:h-8 juice:w-8\">\n<div class=\"relative p-1 rounded-sm flex items-center justify-center bg-token-main-surface-primary text-token-text-primary h-8 w-8\">D\u00e9gustez nos Crunchy Tenders Hot &amp; Spicy 400g d&rsquo;Islamondial &#8211; des morceaux de poulet croustillants et \u00e9pic\u00e9s, parfaits pour les amateurs de sensations fortes \u00e0 la recherche d&rsquo;une collation savoureuse et relev\u00e9e.<\/div>\n<\/div>\n<\/div>\n<\/div>\n<\/div>\n<\/div>\n<\/div>\n<\/div>","protected":false},"featured_media":41001,"template":"","meta":[],"product_cat":[150],"product_tag":[],"class_list":{"0":"post-41000","1":"product","2":"type-product","3":"status-publish","4":"has-post-thumbnail","6":"product_cat-produits-frais-islamondial","9":"first","10":"instock","11":"shipping-taxable","12":"product-type-simple"},"aioseo_notices":[],"_links":{"self":[{"href":"https:\/\/staliprodistribution.com\/fr\/wp-json\/wp\/v2\/product\/41000"}],"collection":[{"href":"https:\/\/staliprodistribution.com\/fr\/wp-json\/wp\/v2\/product"}],"about":[{"href":"https:\/\/staliprodistribution.com\/fr\/wp-json\/wp\/v2\/types\/product"}],"version-history":[{"count":1,"href":"https:\/\/staliprodistribution.com\/fr\/wp-json\/wp\/v2\/product\/41000\/revisions"}],"predecessor-version":[{"id":41002,"href":"https:\/\/staliprodistribution.com\/fr\/wp-json\/wp\/v2\/product\/41000\/revisions\/41002"}],"wp:featuredmedia":[{"embeddable":true,"href":"https:\/\/staliprodistribution.com\/fr\/wp-json\/wp\/v2\/media\/41001"}],"wp:attachment":[{"href":"https:\/\/staliprodistribution.com\/fr\/wp-json\/wp\/v2\/media?parent=41000"}],"wp:term":[{"taxonomy":"product_cat","embeddable":true,"href":"https:\/\/staliprodistribution.com\/fr\/wp-json\/wp\/v2\/product_cat?post=41000"},{"taxonomy":"product_tag","embeddable":true,"href":"https:\/\/staliprodistribution.com\/fr\/wp-json\/wp\/v2\/product_tag?post=41000"}],"curies":[{"name":"wp","href":"https:\/\/api.w.org\/{rel}","templated":true}]}}