{"id":40990,"date":"2024-06-03T13:53:29","date_gmt":"2024-06-03T13:53:29","guid":{"rendered":"https:\/\/staliprodistribution.com\/?post_type=product&#038;p=40990"},"modified":"2024-06-03T13:54:18","modified_gmt":"2024-06-03T13:54:18","slug":"delice-a-lalgerienne-220g","status":"publish","type":"product","link":"https:\/\/staliprodistribution.com\/fr\/product\/delice-a-lalgerienne-220g\/","title":{"rendered":"D\u00e9lice \u00e0 l&rsquo;Alg\u00e9rienne 220G"},"content":{"rendered":"","protected":false},"excerpt":{"rendered":"<div class=\"flex-shrink-0 flex flex-col relative items-end\">\n<div class=\"pt-0.5 juice:pt-0\">\n<div class=\"gizmo-bot-avatar flex h-6 w-6 items-center justify-center overflow-hidden rounded-full juice:h-8 juice:w-8\">\n<div class=\"relative p-1 rounded-sm flex items-center justify-center bg-token-main-surface-primary text-token-text-primary h-8 w-8\">\n<div class=\"flex-shrink-0 flex flex-col relative items-end\">\n<div class=\"pt-0.5 juice:pt-0\">\n<div class=\"gizmo-bot-avatar flex h-6 w-6 items-center justify-center overflow-hidden rounded-full juice:h-8 juice:w-8\">\n<div class=\"relative p-1 rounded-sm flex items-center justify-center bg-token-main-surface-primary text-token-text-primary h-8 w-8\">Savourez notre D\u00e9lice \u00e0 l&rsquo;Alg\u00e9rienne 220g d&rsquo;Islamondial &#8211; une sp\u00e9cialit\u00e9 charcuti\u00e8re inspir\u00e9e des saveurs de l&rsquo;Alg\u00e9rie, avec des \u00e9pices traditionnelles qui ajoutent une touche de chaleur et de richesse \u00e0 chaque bouch\u00e9e. Parfait pour tartiner sur du pain frais ou pour accompagner vos plats avec une note exotique et savoureuse.<\/div>\n<\/div>\n<\/div>\n<\/div>\n<\/div>\n<\/div>\n<\/div>\n<\/div>","protected":false},"featured_media":40991,"template":"","meta":[],"product_cat":[150],"product_tag":[],"class_list":{"0":"post-40990","1":"product","2":"type-product","3":"status-publish","4":"has-post-thumbnail","6":"product_cat-produits-frais-islamondial","9":"first","10":"instock","11":"shipping-taxable","12":"product-type-simple"},"aioseo_notices":[],"_links":{"self":[{"href":"https:\/\/staliprodistribution.com\/fr\/wp-json\/wp\/v2\/product\/40990"}],"collection":[{"href":"https:\/\/staliprodistribution.com\/fr\/wp-json\/wp\/v2\/product"}],"about":[{"href":"https:\/\/staliprodistribution.com\/fr\/wp-json\/wp\/v2\/types\/product"}],"version-history":[{"count":1,"href":"https:\/\/staliprodistribution.com\/fr\/wp-json\/wp\/v2\/product\/40990\/revisions"}],"predecessor-version":[{"id":40992,"href":"https:\/\/staliprodistribution.com\/fr\/wp-json\/wp\/v2\/product\/40990\/revisions\/40992"}],"wp:featuredmedia":[{"embeddable":true,"href":"https:\/\/staliprodistribution.com\/fr\/wp-json\/wp\/v2\/media\/40991"}],"wp:attachment":[{"href":"https:\/\/staliprodistribution.com\/fr\/wp-json\/wp\/v2\/media?parent=40990"}],"wp:term":[{"taxonomy":"product_cat","embeddable":true,"href":"https:\/\/staliprodistribution.com\/fr\/wp-json\/wp\/v2\/product_cat?post=40990"},{"taxonomy":"product_tag","embeddable":true,"href":"https:\/\/staliprodistribution.com\/fr\/wp-json\/wp\/v2\/product_tag?post=40990"}],"curies":[{"name":"wp","href":"https:\/\/api.w.org\/{rel}","templated":true}]}}