{"id":40984,"date":"2024-06-03T13:51:15","date_gmt":"2024-06-03T13:51:15","guid":{"rendered":"https:\/\/staliprodistribution.com\/?post_type=product&#038;p=40984"},"modified":"2024-06-03T13:52:09","modified_gmt":"2024-06-03T13:52:09","slug":"delice-de-campagne-220g","status":"publish","type":"product","link":"https:\/\/staliprodistribution.com\/fr\/product\/delice-de-campagne-220g\/","title":{"rendered":"D\u00e9lice de Campagne 220G"},"content":{"rendered":"","protected":false},"excerpt":{"rendered":"<div class=\"flex-shrink-0 flex flex-col relative items-end\">\n<div class=\"pt-0.5 juice:pt-0\">\n<div class=\"gizmo-bot-avatar flex h-6 w-6 items-center justify-center overflow-hidden rounded-full juice:h-8 juice:w-8\">\n<div class=\"relative p-1 rounded-sm flex items-center justify-center bg-token-main-surface-primary text-token-text-primary h-8 w-8\">\n<div class=\"flex-shrink-0 flex flex-col relative items-end\">\n<div class=\"pt-0.5 juice:pt-0\">\n<div class=\"gizmo-bot-avatar flex h-6 w-6 items-center justify-center overflow-hidden rounded-full juice:h-8 juice:w-8\">\n<div class=\"relative p-1 rounded-sm flex items-center justify-center bg-token-main-surface-primary text-token-text-primary h-8 w-8\">Savourez notre D\u00e9lice de Campagne 220g d&rsquo;Islamondial &#8211; une sp\u00e9cialit\u00e9 charcuti\u00e8re authentique et pleine de saveur, parfaite pour un repas traditionnel \u00e0 la fran\u00e7aise. \u00c0 d\u00e9guster sur du pain frais ou en accompagnement de vos plateaux de charcuterie pour une exp\u00e9rience gustative inoubliable.<\/div>\n<\/div>\n<\/div>\n<\/div>\n<\/div>\n<\/div>\n<\/div>\n<\/div>","protected":false},"featured_media":40985,"template":"","meta":[],"product_cat":[150],"product_tag":[],"class_list":{"0":"post-40984","1":"product","2":"type-product","3":"status-publish","4":"has-post-thumbnail","6":"product_cat-produits-frais-islamondial","9":"first","10":"instock","11":"shipping-taxable","12":"product-type-simple"},"aioseo_notices":[],"_links":{"self":[{"href":"https:\/\/staliprodistribution.com\/fr\/wp-json\/wp\/v2\/product\/40984"}],"collection":[{"href":"https:\/\/staliprodistribution.com\/fr\/wp-json\/wp\/v2\/product"}],"about":[{"href":"https:\/\/staliprodistribution.com\/fr\/wp-json\/wp\/v2\/types\/product"}],"version-history":[{"count":1,"href":"https:\/\/staliprodistribution.com\/fr\/wp-json\/wp\/v2\/product\/40984\/revisions"}],"predecessor-version":[{"id":40986,"href":"https:\/\/staliprodistribution.com\/fr\/wp-json\/wp\/v2\/product\/40984\/revisions\/40986"}],"wp:featuredmedia":[{"embeddable":true,"href":"https:\/\/staliprodistribution.com\/fr\/wp-json\/wp\/v2\/media\/40985"}],"wp:attachment":[{"href":"https:\/\/staliprodistribution.com\/fr\/wp-json\/wp\/v2\/media?parent=40984"}],"wp:term":[{"taxonomy":"product_cat","embeddable":true,"href":"https:\/\/staliprodistribution.com\/fr\/wp-json\/wp\/v2\/product_cat?post=40984"},{"taxonomy":"product_tag","embeddable":true,"href":"https:\/\/staliprodistribution.com\/fr\/wp-json\/wp\/v2\/product_tag?post=40984"}],"curies":[{"name":"wp","href":"https:\/\/api.w.org\/{rel}","templated":true}]}}