{"id":40972,"date":"2024-06-03T13:46:30","date_gmt":"2024-06-03T13:46:30","guid":{"rendered":"https:\/\/staliprodistribution.com\/?post_type=product&#038;p=40972"},"modified":"2024-06-03T13:46:54","modified_gmt":"2024-06-03T13:46:54","slug":"blanc-de-dinde-gout-fume-8t-225g","status":"publish","type":"product","link":"https:\/\/staliprodistribution.com\/fr\/product\/blanc-de-dinde-gout-fume-8t-225g\/","title":{"rendered":"Blanc de Dinde Gout Fum\u00e9 8T 225G"},"content":{"rendered":"","protected":false},"excerpt":{"rendered":"<div class=\"flex-shrink-0 flex flex-col relative items-end\">\n<div class=\"pt-0.5 juice:pt-0\">\n<div class=\"gizmo-bot-avatar flex h-6 w-6 items-center justify-center overflow-hidden rounded-full juice:h-8 juice:w-8\">\n<div class=\"relative p-1 rounded-sm flex items-center justify-center bg-token-main-surface-primary text-token-text-primary h-8 w-8\">\n<div class=\"flex-shrink-0 flex flex-col relative items-end\">\n<div class=\"pt-0.5 juice:pt-0\">\n<div class=\"gizmo-bot-avatar flex h-6 w-6 items-center justify-center overflow-hidden rounded-full juice:h-8 juice:w-8\">\n<div class=\"relative p-1 rounded-sm flex items-center justify-center bg-token-main-surface-primary text-token-text-primary h-8 w-8\">Savourez notre Blanc de Dinde Go\u00fbt Fum\u00e9 8 tranches 225g d&rsquo;Islamondial &#8211; une d\u00e9licieuse option charcuti\u00e8re, parfaitement fum\u00e9e pour une saveur riche et authentique. Id\u00e9al pour pr\u00e9parer des sandwichs savoureux ou pour agr\u00e9menter vos salades avec une touche de finesse.<\/div>\n<\/div>\n<\/div>\n<\/div>\n<\/div>\n<\/div>\n<\/div>\n<\/div>","protected":false},"featured_media":40973,"template":"","meta":[],"product_cat":[150],"product_tag":[],"class_list":{"0":"post-40972","1":"product","2":"type-product","3":"status-publish","4":"has-post-thumbnail","6":"product_cat-produits-frais-islamondial","9":"first","10":"instock","11":"shipping-taxable","12":"product-type-simple"},"aioseo_notices":[],"_links":{"self":[{"href":"https:\/\/staliprodistribution.com\/fr\/wp-json\/wp\/v2\/product\/40972"}],"collection":[{"href":"https:\/\/staliprodistribution.com\/fr\/wp-json\/wp\/v2\/product"}],"about":[{"href":"https:\/\/staliprodistribution.com\/fr\/wp-json\/wp\/v2\/types\/product"}],"version-history":[{"count":1,"href":"https:\/\/staliprodistribution.com\/fr\/wp-json\/wp\/v2\/product\/40972\/revisions"}],"predecessor-version":[{"id":40974,"href":"https:\/\/staliprodistribution.com\/fr\/wp-json\/wp\/v2\/product\/40972\/revisions\/40974"}],"wp:featuredmedia":[{"embeddable":true,"href":"https:\/\/staliprodistribution.com\/fr\/wp-json\/wp\/v2\/media\/40973"}],"wp:attachment":[{"href":"https:\/\/staliprodistribution.com\/fr\/wp-json\/wp\/v2\/media?parent=40972"}],"wp:term":[{"taxonomy":"product_cat","embeddable":true,"href":"https:\/\/staliprodistribution.com\/fr\/wp-json\/wp\/v2\/product_cat?post=40972"},{"taxonomy":"product_tag","embeddable":true,"href":"https:\/\/staliprodistribution.com\/fr\/wp-json\/wp\/v2\/product_tag?post=40972"}],"curies":[{"name":"wp","href":"https:\/\/api.w.org\/{rel}","templated":true}]}}