{"id":40959,"date":"2024-06-03T13:42:07","date_gmt":"2024-06-03T13:42:07","guid":{"rendered":"https:\/\/staliprodistribution.com\/?post_type=product&#038;p=40959"},"modified":"2024-06-03T13:42:32","modified_gmt":"2024-06-03T13:42:32","slug":"feuilles-de-bricks-170g","status":"publish","type":"product","link":"https:\/\/staliprodistribution.com\/fr\/product\/feuilles-de-bricks-170g\/","title":{"rendered":"Feuilles de Bricks 170G"},"content":{"rendered":"","protected":false},"excerpt":{"rendered":"<div class=\"flex-shrink-0 flex flex-col relative items-end\">\n<div class=\"pt-0.5 juice:pt-0\">\n<div class=\"gizmo-bot-avatar flex h-6 w-6 items-center justify-center overflow-hidden rounded-full juice:h-8 juice:w-8\">\n<div class=\"relative p-1 rounded-sm flex items-center justify-center bg-token-main-surface-primary text-token-text-primary h-8 w-8\">\n<div class=\"flex-shrink-0 flex flex-col relative items-end\">\n<div class=\"pt-0.5 juice:pt-0\">\n<div class=\"gizmo-bot-avatar flex h-6 w-6 items-center justify-center overflow-hidden rounded-full juice:h-8 juice:w-8\">\n<div class=\"relative p-1 rounded-sm flex items-center justify-center bg-token-main-surface-primary text-token-text-primary h-8 w-8\">D\u00e9couvrez nos Feuilles de Brick 170g d&rsquo;Islamondial &#8211; un ingr\u00e9dient essentiel pour pr\u00e9parer une vari\u00e9t\u00e9 de d\u00e9lices culinaires, des samosas croustillants aux d\u00e9licieuses briouates. Avec leur texture fine et croustillante, ces feuilles de brick ajoutent une touche de l\u00e9g\u00e8ret\u00e9 et de saveur \u00e0 vos cr\u00e9ations culinaires.<\/div>\n<\/div>\n<\/div>\n<\/div>\n<\/div>\n<\/div>\n<\/div>\n<\/div>","protected":false},"featured_media":40960,"template":"","meta":[],"product_cat":[150],"product_tag":[],"class_list":{"0":"post-40959","1":"product","2":"type-product","3":"status-publish","4":"has-post-thumbnail","6":"product_cat-produits-frais-islamondial","9":"first","10":"instock","11":"shipping-taxable","12":"product-type-simple"},"aioseo_notices":[],"_links":{"self":[{"href":"https:\/\/staliprodistribution.com\/fr\/wp-json\/wp\/v2\/product\/40959"}],"collection":[{"href":"https:\/\/staliprodistribution.com\/fr\/wp-json\/wp\/v2\/product"}],"about":[{"href":"https:\/\/staliprodistribution.com\/fr\/wp-json\/wp\/v2\/types\/product"}],"version-history":[{"count":1,"href":"https:\/\/staliprodistribution.com\/fr\/wp-json\/wp\/v2\/product\/40959\/revisions"}],"predecessor-version":[{"id":40961,"href":"https:\/\/staliprodistribution.com\/fr\/wp-json\/wp\/v2\/product\/40959\/revisions\/40961"}],"wp:featuredmedia":[{"embeddable":true,"href":"https:\/\/staliprodistribution.com\/fr\/wp-json\/wp\/v2\/media\/40960"}],"wp:attachment":[{"href":"https:\/\/staliprodistribution.com\/fr\/wp-json\/wp\/v2\/media?parent=40959"}],"wp:term":[{"taxonomy":"product_cat","embeddable":true,"href":"https:\/\/staliprodistribution.com\/fr\/wp-json\/wp\/v2\/product_cat?post=40959"},{"taxonomy":"product_tag","embeddable":true,"href":"https:\/\/staliprodistribution.com\/fr\/wp-json\/wp\/v2\/product_tag?post=40959"}],"curies":[{"name":"wp","href":"https:\/\/api.w.org\/{rel}","templated":true}]}}