{"id":40956,"date":"2024-06-03T13:41:09","date_gmt":"2024-06-03T13:41:09","guid":{"rendered":"https:\/\/staliprodistribution.com\/?post_type=product&#038;p=40956"},"modified":"2024-06-03T13:41:29","modified_gmt":"2024-06-03T13:41:29","slug":"le-chorizo-pur-boeuf-180g","status":"publish","type":"product","link":"https:\/\/staliprodistribution.com\/fr\/product\/le-chorizo-pur-boeuf-180g\/","title":{"rendered":"Le Chorizo Pur Boeuf 180G"},"content":{"rendered":"","protected":false},"excerpt":{"rendered":"<div class=\"flex-shrink-0 flex flex-col relative items-end\">\n<div class=\"pt-0.5 juice:pt-0\">\n<div class=\"gizmo-bot-avatar flex h-6 w-6 items-center justify-center overflow-hidden rounded-full juice:h-8 juice:w-8\">\n<div class=\"relative p-1 rounded-sm flex items-center justify-center bg-token-main-surface-primary text-token-text-primary h-8 w-8\">\n<div class=\"flex-shrink-0 flex flex-col relative items-end\">\n<div class=\"pt-0.5 juice:pt-0\">\n<div class=\"gizmo-bot-avatar flex h-6 w-6 items-center justify-center overflow-hidden rounded-full juice:h-8 juice:w-8\">\n<div class=\"relative p-1 rounded-sm flex items-center justify-center bg-token-main-surface-primary text-token-text-primary h-8 w-8\">Savourez notre Chorizo Pur Boeuf 180g d&rsquo;Islamondial &#8211; une sp\u00e9cialit\u00e9 charcuti\u00e8re authentique et savoureuse, pr\u00e9par\u00e9e avec soin \u00e0 partir de viande de b\u0153uf de qualit\u00e9 et d&rsquo;\u00e9pices s\u00e9lectionn\u00e9es. Parfait pour ajouter une touche de piquant et de saveur \u00e0 vos plats ou pour agr\u00e9menter vos plateaux ap\u00e9ritifs avec une option gourmande.<\/div>\n<\/div>\n<\/div>\n<\/div>\n<\/div>\n<\/div>\n<\/div>\n<\/div>","protected":false},"featured_media":40957,"template":"","meta":[],"product_cat":[150],"product_tag":[],"class_list":{"0":"post-40956","1":"product","2":"type-product","3":"status-publish","4":"has-post-thumbnail","6":"product_cat-produits-frais-islamondial","9":"first","10":"instock","11":"shipping-taxable","12":"product-type-simple"},"aioseo_notices":[],"_links":{"self":[{"href":"https:\/\/staliprodistribution.com\/fr\/wp-json\/wp\/v2\/product\/40956"}],"collection":[{"href":"https:\/\/staliprodistribution.com\/fr\/wp-json\/wp\/v2\/product"}],"about":[{"href":"https:\/\/staliprodistribution.com\/fr\/wp-json\/wp\/v2\/types\/product"}],"version-history":[{"count":1,"href":"https:\/\/staliprodistribution.com\/fr\/wp-json\/wp\/v2\/product\/40956\/revisions"}],"predecessor-version":[{"id":40958,"href":"https:\/\/staliprodistribution.com\/fr\/wp-json\/wp\/v2\/product\/40956\/revisions\/40958"}],"wp:featuredmedia":[{"embeddable":true,"href":"https:\/\/staliprodistribution.com\/fr\/wp-json\/wp\/v2\/media\/40957"}],"wp:attachment":[{"href":"https:\/\/staliprodistribution.com\/fr\/wp-json\/wp\/v2\/media?parent=40956"}],"wp:term":[{"taxonomy":"product_cat","embeddable":true,"href":"https:\/\/staliprodistribution.com\/fr\/wp-json\/wp\/v2\/product_cat?post=40956"},{"taxonomy":"product_tag","embeddable":true,"href":"https:\/\/staliprodistribution.com\/fr\/wp-json\/wp\/v2\/product_tag?post=40956"}],"curies":[{"name":"wp","href":"https:\/\/api.w.org\/{rel}","templated":true}]}}