{"id":40950,"date":"2024-06-03T13:38:26","date_gmt":"2024-06-03T13:38:26","guid":{"rendered":"https:\/\/staliprodistribution.com\/?post_type=product&#038;p=40950"},"modified":"2024-06-03T13:38:47","modified_gmt":"2024-06-03T13:38:47","slug":"tranche-de-poulet-a-la-marocaine-120g","status":"publish","type":"product","link":"https:\/\/staliprodistribution.com\/fr\/product\/tranche-de-poulet-a-la-marocaine-120g\/","title":{"rendered":"Tranch\u00e9 de Poulet \u00e0 la Marocaine 120G"},"content":{"rendered":"","protected":false},"excerpt":{"rendered":"<div class=\"flex-shrink-0 flex flex-col relative items-end\">\n<div class=\"pt-0.5 juice:pt-0\">\n<div class=\"gizmo-bot-avatar flex h-6 w-6 items-center justify-center overflow-hidden rounded-full juice:h-8 juice:w-8\">\n<div class=\"relative p-1 rounded-sm flex items-center justify-center bg-token-main-surface-primary text-token-text-primary h-8 w-8\">\n<div class=\"flex-shrink-0 flex flex-col relative items-end\">\n<div class=\"pt-0.5 juice:pt-0\">\n<div class=\"gizmo-bot-avatar flex h-6 w-6 items-center justify-center overflow-hidden rounded-full juice:h-8 juice:w-8\">\n<div class=\"relative p-1 rounded-sm flex items-center justify-center bg-token-main-surface-primary text-token-text-primary h-8 w-8\">Savourez notre Tranch\u00e9 de Poulet \u00e0 la Marocaine 120g d&rsquo;Islamondial &#8211; une sp\u00e9cialit\u00e9 charcuti\u00e8re d\u00e9licieusement parfum\u00e9e aux \u00e9pices marocaines traditionnelles, offrant une saveur authentique et exotique dans chaque bouch\u00e9e. Parfait pour agr\u00e9menter vos sandwichs ou pour ajouter une touche de raffinement \u00e0 vos plateaux ap\u00e9ritifs.<\/div>\n<\/div>\n<\/div>\n<\/div>\n<\/div>\n<\/div>\n<\/div>\n<\/div>","protected":false},"featured_media":40951,"template":"","meta":[],"product_cat":[150],"product_tag":[],"class_list":{"0":"post-40950","1":"product","2":"type-product","3":"status-publish","4":"has-post-thumbnail","6":"product_cat-produits-frais-islamondial","9":"first","10":"instock","11":"shipping-taxable","12":"product-type-simple"},"aioseo_notices":[],"_links":{"self":[{"href":"https:\/\/staliprodistribution.com\/fr\/wp-json\/wp\/v2\/product\/40950"}],"collection":[{"href":"https:\/\/staliprodistribution.com\/fr\/wp-json\/wp\/v2\/product"}],"about":[{"href":"https:\/\/staliprodistribution.com\/fr\/wp-json\/wp\/v2\/types\/product"}],"version-history":[{"count":1,"href":"https:\/\/staliprodistribution.com\/fr\/wp-json\/wp\/v2\/product\/40950\/revisions"}],"predecessor-version":[{"id":40952,"href":"https:\/\/staliprodistribution.com\/fr\/wp-json\/wp\/v2\/product\/40950\/revisions\/40952"}],"wp:featuredmedia":[{"embeddable":true,"href":"https:\/\/staliprodistribution.com\/fr\/wp-json\/wp\/v2\/media\/40951"}],"wp:attachment":[{"href":"https:\/\/staliprodistribution.com\/fr\/wp-json\/wp\/v2\/media?parent=40950"}],"wp:term":[{"taxonomy":"product_cat","embeddable":true,"href":"https:\/\/staliprodistribution.com\/fr\/wp-json\/wp\/v2\/product_cat?post=40950"},{"taxonomy":"product_tag","embeddable":true,"href":"https:\/\/staliprodistribution.com\/fr\/wp-json\/wp\/v2\/product_tag?post=40950"}],"curies":[{"name":"wp","href":"https:\/\/api.w.org\/{rel}","templated":true}]}}