{"id":40947,"date":"2024-06-03T13:37:33","date_gmt":"2024-06-03T13:37:33","guid":{"rendered":"https:\/\/staliprodistribution.com\/?post_type=product&#038;p=40947"},"modified":"2024-06-03T13:37:57","modified_gmt":"2024-06-03T13:37:57","slug":"tranche-de-poulet-a-lalgerienne-120g","status":"publish","type":"product","link":"https:\/\/staliprodistribution.com\/fr\/product\/tranche-de-poulet-a-lalgerienne-120g\/","title":{"rendered":"Tranch\u00e9 de Poulet \u00e0 l&rsquo;Algerienne 120G"},"content":{"rendered":"","protected":false},"excerpt":{"rendered":"<div class=\"flex-shrink-0 flex flex-col relative items-end\">\n<div class=\"pt-0.5 juice:pt-0\">\n<div class=\"gizmo-bot-avatar flex h-6 w-6 items-center justify-center overflow-hidden rounded-full juice:h-8 juice:w-8\">\n<div class=\"relative p-1 rounded-sm flex items-center justify-center bg-token-main-surface-primary text-token-text-primary h-8 w-8\">\n<div class=\"flex-shrink-0 flex flex-col relative items-end\">\n<div class=\"pt-0.5 juice:pt-0\">\n<div class=\"gizmo-bot-avatar flex h-6 w-6 items-center justify-center overflow-hidden rounded-full juice:h-8 juice:w-8\">\n<div class=\"relative p-1 rounded-sm flex items-center justify-center bg-token-main-surface-primary text-token-text-primary h-8 w-8\">D\u00e9couvrez notre Tranch\u00e9 de Poulet \u00e0 l&rsquo;Alg\u00e9rienne 120g d&rsquo;Islamondial &#8211; une d\u00e9licieuse sp\u00e9cialit\u00e9 charcuti\u00e8re inspir\u00e9e des saveurs m\u00e9diterran\u00e9ennes, avec des \u00e9pices et des herbes typiques de la cuisine alg\u00e9rienne. Parfait pour ajouter une touche de chaleur et de saveur \u00e0 vos sandwichs ou pour accompagner vos plats avec une option de charcuterie exotique.<\/div>\n<\/div>\n<\/div>\n<\/div>\n<\/div>\n<\/div>\n<\/div>\n<\/div>","protected":false},"featured_media":40948,"template":"","meta":[],"product_cat":[150],"product_tag":[],"class_list":{"0":"post-40947","1":"product","2":"type-product","3":"status-publish","4":"has-post-thumbnail","6":"product_cat-produits-frais-islamondial","9":"first","10":"instock","11":"shipping-taxable","12":"product-type-simple"},"aioseo_notices":[],"_links":{"self":[{"href":"https:\/\/staliprodistribution.com\/fr\/wp-json\/wp\/v2\/product\/40947"}],"collection":[{"href":"https:\/\/staliprodistribution.com\/fr\/wp-json\/wp\/v2\/product"}],"about":[{"href":"https:\/\/staliprodistribution.com\/fr\/wp-json\/wp\/v2\/types\/product"}],"version-history":[{"count":1,"href":"https:\/\/staliprodistribution.com\/fr\/wp-json\/wp\/v2\/product\/40947\/revisions"}],"predecessor-version":[{"id":40949,"href":"https:\/\/staliprodistribution.com\/fr\/wp-json\/wp\/v2\/product\/40947\/revisions\/40949"}],"wp:featuredmedia":[{"embeddable":true,"href":"https:\/\/staliprodistribution.com\/fr\/wp-json\/wp\/v2\/media\/40948"}],"wp:attachment":[{"href":"https:\/\/staliprodistribution.com\/fr\/wp-json\/wp\/v2\/media?parent=40947"}],"wp:term":[{"taxonomy":"product_cat","embeddable":true,"href":"https:\/\/staliprodistribution.com\/fr\/wp-json\/wp\/v2\/product_cat?post=40947"},{"taxonomy":"product_tag","embeddable":true,"href":"https:\/\/staliprodistribution.com\/fr\/wp-json\/wp\/v2\/product_tag?post=40947"}],"curies":[{"name":"wp","href":"https:\/\/api.w.org\/{rel}","templated":true}]}}