{"id":40944,"date":"2024-06-03T13:35:58","date_gmt":"2024-06-03T13:35:58","guid":{"rendered":"https:\/\/staliprodistribution.com\/?post_type=product&#038;p=40944"},"modified":"2024-06-03T13:36:51","modified_gmt":"2024-06-03T13:36:51","slug":"roulade-de-volaille-a-lail-120g","status":"publish","type":"product","link":"https:\/\/staliprodistribution.com\/fr\/product\/roulade-de-volaille-a-lail-120g\/","title":{"rendered":"Roulade de Volaille \u00e0 l&rsquo;Ail 120G"},"content":{"rendered":"","protected":false},"excerpt":{"rendered":"<div class=\"flex-shrink-0 flex flex-col relative items-end\">\n<div class=\"pt-0.5 juice:pt-0\">\n<div class=\"gizmo-bot-avatar flex h-6 w-6 items-center justify-center overflow-hidden rounded-full juice:h-8 juice:w-8\">\n<div class=\"relative p-1 rounded-sm flex items-center justify-center bg-token-main-surface-primary text-token-text-primary h-8 w-8\">\n<div class=\"flex-shrink-0 flex flex-col relative items-end\">\n<div class=\"pt-0.5 juice:pt-0\">\n<div class=\"gizmo-bot-avatar flex h-6 w-6 items-center justify-center overflow-hidden rounded-full juice:h-8 juice:w-8\">\n<div class=\"relative p-1 rounded-sm flex items-center justify-center bg-token-main-surface-primary text-token-text-primary h-8 w-8\">Savourez notre Roulade de Volaille \u00e0 l&rsquo;Ail 120g d&rsquo;Islamondial &#8211; une d\u00e9licieuse sp\u00e9cialit\u00e9 charcuti\u00e8re parfum\u00e9e \u00e0 l&rsquo;ail, offrant une saveur riche et authentique dans chaque bouch\u00e9e. Parfait pour ajouter une touche d&rsquo;ar\u00f4me \u00e0 vos sandwichs ou pour compl\u00e9ter vos plateaux ap\u00e9ritifs avec une option savoureuse.<\/div>\n<\/div>\n<\/div>\n<\/div>\n<\/div>\n<\/div>\n<\/div>\n<\/div>","protected":false},"featured_media":40945,"template":"","meta":[],"product_cat":[150],"product_tag":[],"class_list":{"0":"post-40944","1":"product","2":"type-product","3":"status-publish","4":"has-post-thumbnail","6":"product_cat-produits-frais-islamondial","9":"first","10":"instock","11":"shipping-taxable","12":"product-type-simple"},"aioseo_notices":[],"_links":{"self":[{"href":"https:\/\/staliprodistribution.com\/fr\/wp-json\/wp\/v2\/product\/40944"}],"collection":[{"href":"https:\/\/staliprodistribution.com\/fr\/wp-json\/wp\/v2\/product"}],"about":[{"href":"https:\/\/staliprodistribution.com\/fr\/wp-json\/wp\/v2\/types\/product"}],"version-history":[{"count":1,"href":"https:\/\/staliprodistribution.com\/fr\/wp-json\/wp\/v2\/product\/40944\/revisions"}],"predecessor-version":[{"id":40946,"href":"https:\/\/staliprodistribution.com\/fr\/wp-json\/wp\/v2\/product\/40944\/revisions\/40946"}],"wp:featuredmedia":[{"embeddable":true,"href":"https:\/\/staliprodistribution.com\/fr\/wp-json\/wp\/v2\/media\/40945"}],"wp:attachment":[{"href":"https:\/\/staliprodistribution.com\/fr\/wp-json\/wp\/v2\/media?parent=40944"}],"wp:term":[{"taxonomy":"product_cat","embeddable":true,"href":"https:\/\/staliprodistribution.com\/fr\/wp-json\/wp\/v2\/product_cat?post=40944"},{"taxonomy":"product_tag","embeddable":true,"href":"https:\/\/staliprodistribution.com\/fr\/wp-json\/wp\/v2\/product_tag?post=40944"}],"curies":[{"name":"wp","href":"https:\/\/api.w.org\/{rel}","templated":true}]}}