{"id":40934,"date":"2024-06-03T13:26:51","date_gmt":"2024-06-03T13:26:51","guid":{"rendered":"https:\/\/staliprodistribution.com\/?post_type=product&#038;p=40934"},"modified":"2024-06-03T13:27:16","modified_gmt":"2024-06-03T13:27:16","slug":"roulade-de-boeuf-fumee-120g","status":"publish","type":"product","link":"https:\/\/staliprodistribution.com\/fr\/product\/roulade-de-boeuf-fumee-120g\/","title":{"rendered":"Roulade de Boeuf Fum\u00e9e 120G"},"content":{"rendered":"","protected":false},"excerpt":{"rendered":"<div class=\"flex-shrink-0 flex flex-col relative items-end\">\n<div class=\"pt-0.5 juice:pt-0\">\n<div class=\"gizmo-bot-avatar flex h-6 w-6 items-center justify-center overflow-hidden rounded-full juice:h-8 juice:w-8\">\n<div class=\"relative p-1 rounded-sm flex items-center justify-center bg-token-main-surface-primary text-token-text-primary h-8 w-8\">\n<div class=\"flex-shrink-0 flex flex-col relative items-end\">\n<div class=\"pt-0.5 juice:pt-0\">\n<div class=\"gizmo-bot-avatar flex h-6 w-6 items-center justify-center overflow-hidden rounded-full juice:h-8 juice:w-8\">\n<div class=\"relative p-1 rounded-sm flex items-center justify-center bg-token-main-surface-primary text-token-text-primary h-8 w-8\">D\u00e9couvrez notre Roulade de Boeuf Fum\u00e9e 120g d&rsquo;Islamondial &#8211; une d\u00e9licieuse sp\u00e9cialit\u00e9 charcuti\u00e8re pr\u00e9par\u00e9e avec soin, offrant une saveur fum\u00e9e authentique et une texture tendre et juteuse. Parfait pour vos sandwichs ou pour ajouter une touche de sophistication \u00e0 vos plateaux ap\u00e9ritifs.<\/div>\n<\/div>\n<\/div>\n<\/div>\n<\/div>\n<\/div>\n<\/div>\n<\/div>","protected":false},"featured_media":40935,"template":"","meta":[],"product_cat":[150],"product_tag":[],"class_list":{"0":"post-40934","1":"product","2":"type-product","3":"status-publish","4":"has-post-thumbnail","6":"product_cat-produits-frais-islamondial","9":"first","10":"instock","11":"shipping-taxable","12":"product-type-simple"},"aioseo_notices":[],"_links":{"self":[{"href":"https:\/\/staliprodistribution.com\/fr\/wp-json\/wp\/v2\/product\/40934"}],"collection":[{"href":"https:\/\/staliprodistribution.com\/fr\/wp-json\/wp\/v2\/product"}],"about":[{"href":"https:\/\/staliprodistribution.com\/fr\/wp-json\/wp\/v2\/types\/product"}],"version-history":[{"count":1,"href":"https:\/\/staliprodistribution.com\/fr\/wp-json\/wp\/v2\/product\/40934\/revisions"}],"predecessor-version":[{"id":40936,"href":"https:\/\/staliprodistribution.com\/fr\/wp-json\/wp\/v2\/product\/40934\/revisions\/40936"}],"wp:featuredmedia":[{"embeddable":true,"href":"https:\/\/staliprodistribution.com\/fr\/wp-json\/wp\/v2\/media\/40935"}],"wp:attachment":[{"href":"https:\/\/staliprodistribution.com\/fr\/wp-json\/wp\/v2\/media?parent=40934"}],"wp:term":[{"taxonomy":"product_cat","embeddable":true,"href":"https:\/\/staliprodistribution.com\/fr\/wp-json\/wp\/v2\/product_cat?post=40934"},{"taxonomy":"product_tag","embeddable":true,"href":"https:\/\/staliprodistribution.com\/fr\/wp-json\/wp\/v2\/product_tag?post=40934"}],"curies":[{"name":"wp","href":"https:\/\/api.w.org\/{rel}","templated":true}]}}