{"id":40931,"date":"2024-06-03T13:25:29","date_gmt":"2024-06-03T13:25:29","guid":{"rendered":"https:\/\/staliprodistribution.com\/?post_type=product&#038;p=40931"},"modified":"2024-06-03T13:25:52","modified_gmt":"2024-06-03T13:25:52","slug":"salami-de-dinde-150g","status":"publish","type":"product","link":"https:\/\/staliprodistribution.com\/fr\/product\/salami-de-dinde-150g\/","title":{"rendered":"Salami de Dinde 150G"},"content":{"rendered":"","protected":false},"excerpt":{"rendered":"<div class=\"flex-shrink-0 flex flex-col relative items-end\">\n<div class=\"pt-0.5 juice:pt-0\">\n<div class=\"gizmo-bot-avatar flex h-6 w-6 items-center justify-center overflow-hidden rounded-full juice:h-8 juice:w-8\">\n<div class=\"relative p-1 rounded-sm flex items-center justify-center bg-token-main-surface-primary text-token-text-primary h-8 w-8\">\n<div class=\"flex-shrink-0 flex flex-col relative items-end\">\n<div class=\"pt-0.5 juice:pt-0\">\n<div class=\"gizmo-bot-avatar flex h-6 w-6 items-center justify-center overflow-hidden rounded-full juice:h-8 juice:w-8\">\n<div class=\"relative p-1 rounded-sm flex items-center justify-center bg-token-main-surface-primary text-token-text-primary h-8 w-8\">Savourez notre Salami de Dinde 150g d&rsquo;Islamondial &#8211; une option charcuti\u00e8re d\u00e9licieuse et l\u00e9g\u00e8re, parfaite pour les amateurs de salami cherchant une alternative \u00e0 base de dinde. Id\u00e9al pour des sandwichs savoureux ou pour agr\u00e9menter vos plateaux ap\u00e9ritifs avec une touche de finesse.<\/div>\n<\/div>\n<\/div>\n<\/div>\n<\/div>\n<\/div>\n<\/div>\n<\/div>","protected":false},"featured_media":40932,"template":"","meta":[],"product_cat":[150],"product_tag":[],"class_list":{"0":"post-40931","1":"product","2":"type-product","3":"status-publish","4":"has-post-thumbnail","6":"product_cat-produits-frais-islamondial","9":"first","10":"instock","11":"shipping-taxable","12":"product-type-simple"},"aioseo_notices":[],"_links":{"self":[{"href":"https:\/\/staliprodistribution.com\/fr\/wp-json\/wp\/v2\/product\/40931"}],"collection":[{"href":"https:\/\/staliprodistribution.com\/fr\/wp-json\/wp\/v2\/product"}],"about":[{"href":"https:\/\/staliprodistribution.com\/fr\/wp-json\/wp\/v2\/types\/product"}],"version-history":[{"count":1,"href":"https:\/\/staliprodistribution.com\/fr\/wp-json\/wp\/v2\/product\/40931\/revisions"}],"predecessor-version":[{"id":40933,"href":"https:\/\/staliprodistribution.com\/fr\/wp-json\/wp\/v2\/product\/40931\/revisions\/40933"}],"wp:featuredmedia":[{"embeddable":true,"href":"https:\/\/staliprodistribution.com\/fr\/wp-json\/wp\/v2\/media\/40932"}],"wp:attachment":[{"href":"https:\/\/staliprodistribution.com\/fr\/wp-json\/wp\/v2\/media?parent=40931"}],"wp:term":[{"taxonomy":"product_cat","embeddable":true,"href":"https:\/\/staliprodistribution.com\/fr\/wp-json\/wp\/v2\/product_cat?post=40931"},{"taxonomy":"product_tag","embeddable":true,"href":"https:\/\/staliprodistribution.com\/fr\/wp-json\/wp\/v2\/product_tag?post=40931"}],"curies":[{"name":"wp","href":"https:\/\/api.w.org\/{rel}","templated":true}]}}