{"id":40928,"date":"2024-06-03T13:23:14","date_gmt":"2024-06-03T13:23:14","guid":{"rendered":"https:\/\/staliprodistribution.com\/?post_type=product&#038;p=40928"},"modified":"2024-06-03T13:24:17","modified_gmt":"2024-06-03T13:24:17","slug":"saucisson-sec-boeuf-volaille-150g","status":"publish","type":"product","link":"https:\/\/staliprodistribution.com\/fr\/product\/saucisson-sec-boeuf-volaille-150g\/","title":{"rendered":"Saucisson Sec Boeuf Volaille 150G"},"content":{"rendered":"","protected":false},"excerpt":{"rendered":"<div class=\"flex-shrink-0 flex flex-col relative items-end\">\n<div class=\"pt-0.5 juice:pt-0\">\n<div class=\"gizmo-bot-avatar flex h-6 w-6 items-center justify-center overflow-hidden rounded-full juice:h-8 juice:w-8\">\n<div class=\"relative p-1 rounded-sm flex items-center justify-center bg-token-main-surface-primary text-token-text-primary h-8 w-8\">\n<div class=\"flex-shrink-0 flex flex-col relative items-end\">\n<div class=\"pt-0.5 juice:pt-0\">\n<div class=\"gizmo-bot-avatar flex h-6 w-6 items-center justify-center overflow-hidden rounded-full juice:h-8 juice:w-8\">\n<div class=\"relative p-1 rounded-sm flex items-center justify-center bg-token-main-surface-primary text-token-text-primary h-8 w-8\">D\u00e9gustez notre Saucisson Sec Boeuf Volaille 150g d&rsquo;Islamondial &#8211; une savoureuse alliance entre le b\u0153uf et la volaille, relev\u00e9e avec des \u00e9pices fines pour une exp\u00e9rience gustative authentique et raffin\u00e9e. Parfait pour un ap\u00e9ritif convivial ou pour accompagner vos plateaux de charcuterie.<\/div>\n<\/div>\n<\/div>\n<\/div>\n<\/div>\n<\/div>\n<\/div>\n<\/div>","protected":false},"featured_media":40929,"template":"","meta":[],"product_cat":[150],"product_tag":[],"class_list":{"0":"post-40928","1":"product","2":"type-product","3":"status-publish","4":"has-post-thumbnail","6":"product_cat-produits-frais-islamondial","9":"first","10":"instock","11":"shipping-taxable","12":"product-type-simple"},"aioseo_notices":[],"_links":{"self":[{"href":"https:\/\/staliprodistribution.com\/fr\/wp-json\/wp\/v2\/product\/40928"}],"collection":[{"href":"https:\/\/staliprodistribution.com\/fr\/wp-json\/wp\/v2\/product"}],"about":[{"href":"https:\/\/staliprodistribution.com\/fr\/wp-json\/wp\/v2\/types\/product"}],"version-history":[{"count":1,"href":"https:\/\/staliprodistribution.com\/fr\/wp-json\/wp\/v2\/product\/40928\/revisions"}],"predecessor-version":[{"id":40930,"href":"https:\/\/staliprodistribution.com\/fr\/wp-json\/wp\/v2\/product\/40928\/revisions\/40930"}],"wp:featuredmedia":[{"embeddable":true,"href":"https:\/\/staliprodistribution.com\/fr\/wp-json\/wp\/v2\/media\/40929"}],"wp:attachment":[{"href":"https:\/\/staliprodistribution.com\/fr\/wp-json\/wp\/v2\/media?parent=40928"}],"wp:term":[{"taxonomy":"product_cat","embeddable":true,"href":"https:\/\/staliprodistribution.com\/fr\/wp-json\/wp\/v2\/product_cat?post=40928"},{"taxonomy":"product_tag","embeddable":true,"href":"https:\/\/staliprodistribution.com\/fr\/wp-json\/wp\/v2\/product_tag?post=40928"}],"curies":[{"name":"wp","href":"https:\/\/api.w.org\/{rel}","templated":true}]}}