{"id":40916,"date":"2024-06-03T13:16:19","date_gmt":"2024-06-03T13:16:19","guid":{"rendered":"https:\/\/staliprodistribution.com\/?post_type=product&#038;p=40916"},"modified":"2024-06-03T13:16:47","modified_gmt":"2024-06-03T13:16:47","slug":"blanc-de-poulet-25-sel-4t-120g","status":"publish","type":"product","link":"https:\/\/staliprodistribution.com\/fr\/product\/blanc-de-poulet-25-sel-4t-120g\/","title":{"rendered":"Blanc de Poulet -25% Sel 4T 120G"},"content":{"rendered":"","protected":false},"excerpt":{"rendered":"<div class=\"flex-shrink-0 flex flex-col relative items-end\">\n<div class=\"pt-0.5 juice:pt-0\">\n<div class=\"gizmo-bot-avatar flex h-6 w-6 items-center justify-center overflow-hidden rounded-full juice:h-8 juice:w-8\">\n<div class=\"relative p-1 rounded-sm flex items-center justify-center bg-token-main-surface-primary text-token-text-primary h-8 w-8\">\n<div class=\"flex-shrink-0 flex flex-col relative items-end\">\n<div class=\"pt-0.5 juice:pt-0\">\n<div class=\"gizmo-bot-avatar flex h-6 w-6 items-center justify-center overflow-hidden rounded-full juice:h-8 juice:w-8\">\n<div class=\"relative p-1 rounded-sm flex items-center justify-center bg-token-main-surface-primary text-token-text-primary h-8 w-8\">Savourer notre Blanc de Poulet -25% Sel, 4 tranches de 120g chacune, d&rsquo;Islamondial &#8211; une option de charcuterie fra\u00eeche et l\u00e9g\u00e8re, r\u00e9duite en sel pour une alimentation \u00e9quilibr\u00e9e. Id\u00e9ale pour composer des sandwichs sains et d\u00e9licieux ou pour accompagner vos plats avec une source de prot\u00e9ines savoureuse et peu sal\u00e9e.<\/div>\n<\/div>\n<\/div>\n<\/div>\n<\/div>\n<\/div>\n<\/div>\n<\/div>","protected":false},"featured_media":40917,"template":"","meta":[],"product_cat":[150],"product_tag":[],"class_list":{"0":"post-40916","1":"product","2":"type-product","3":"status-publish","4":"has-post-thumbnail","6":"product_cat-produits-frais-islamondial","9":"first","10":"instock","11":"shipping-taxable","12":"product-type-simple"},"aioseo_notices":[],"_links":{"self":[{"href":"https:\/\/staliprodistribution.com\/fr\/wp-json\/wp\/v2\/product\/40916"}],"collection":[{"href":"https:\/\/staliprodistribution.com\/fr\/wp-json\/wp\/v2\/product"}],"about":[{"href":"https:\/\/staliprodistribution.com\/fr\/wp-json\/wp\/v2\/types\/product"}],"version-history":[{"count":1,"href":"https:\/\/staliprodistribution.com\/fr\/wp-json\/wp\/v2\/product\/40916\/revisions"}],"predecessor-version":[{"id":40918,"href":"https:\/\/staliprodistribution.com\/fr\/wp-json\/wp\/v2\/product\/40916\/revisions\/40918"}],"wp:featuredmedia":[{"embeddable":true,"href":"https:\/\/staliprodistribution.com\/fr\/wp-json\/wp\/v2\/media\/40917"}],"wp:attachment":[{"href":"https:\/\/staliprodistribution.com\/fr\/wp-json\/wp\/v2\/media?parent=40916"}],"wp:term":[{"taxonomy":"product_cat","embeddable":true,"href":"https:\/\/staliprodistribution.com\/fr\/wp-json\/wp\/v2\/product_cat?post=40916"},{"taxonomy":"product_tag","embeddable":true,"href":"https:\/\/staliprodistribution.com\/fr\/wp-json\/wp\/v2\/product_tag?post=40916"}],"curies":[{"name":"wp","href":"https:\/\/api.w.org\/{rel}","templated":true}]}}