{"id":40912,"date":"2024-06-03T13:12:16","date_gmt":"2024-06-03T13:12:16","guid":{"rendered":"https:\/\/staliprodistribution.com\/?post_type=product&#038;p=40912"},"modified":"2024-06-03T13:12:53","modified_gmt":"2024-06-03T13:12:53","slug":"blanc-de-poulet-dore-au-four-4t-120g","status":"publish","type":"product","link":"https:\/\/staliprodistribution.com\/fr\/product\/blanc-de-poulet-dore-au-four-4t-120g\/","title":{"rendered":"Blanc de Poulet Dor\u00e9 au Four  4T 120G"},"content":{"rendered":"","protected":false},"excerpt":{"rendered":"<div class=\"flex-shrink-0 flex flex-col relative items-end\">\n<div class=\"pt-0.5 juice:pt-0\">\n<div class=\"gizmo-bot-avatar flex h-6 w-6 items-center justify-center overflow-hidden rounded-full juice:h-8 juice:w-8\">\n<div class=\"relative p-1 rounded-sm flex items-center justify-center bg-token-main-surface-primary text-token-text-primary h-8 w-8\">\n<div class=\"flex-shrink-0 flex flex-col relative items-end\">\n<div class=\"pt-0.5 juice:pt-0\">\n<div class=\"gizmo-bot-avatar flex h-6 w-6 items-center justify-center overflow-hidden rounded-full juice:h-8 juice:w-8\">\n<div class=\"relative p-1 rounded-sm flex items-center justify-center bg-token-main-surface-primary text-token-text-primary h-8 w-8\">D\u00e9couvrez notre d\u00e9licieux Blanc de Poulet Dor\u00e9 au Four, 4 tranches de 120g chacune, d&rsquo;Islamondial &#8211; une option de charcuterie fra\u00eeche et savoureuse, l\u00e9g\u00e8rement grill\u00e9e pour une texture croustillante et un go\u00fbt irr\u00e9sistible. Parfait pour vos sandwichs gourmands ou pour agr\u00e9menter vos salades avec une touche de raffinement.<\/div>\n<\/div>\n<\/div>\n<\/div>\n<\/div>\n<\/div>\n<\/div>\n<\/div>","protected":false},"featured_media":40913,"template":"","meta":[],"product_cat":[150],"product_tag":[],"class_list":{"0":"post-40912","1":"product","2":"type-product","3":"status-publish","4":"has-post-thumbnail","6":"product_cat-produits-frais-islamondial","9":"first","10":"instock","11":"shipping-taxable","12":"product-type-simple"},"aioseo_notices":[],"_links":{"self":[{"href":"https:\/\/staliprodistribution.com\/fr\/wp-json\/wp\/v2\/product\/40912"}],"collection":[{"href":"https:\/\/staliprodistribution.com\/fr\/wp-json\/wp\/v2\/product"}],"about":[{"href":"https:\/\/staliprodistribution.com\/fr\/wp-json\/wp\/v2\/types\/product"}],"version-history":[{"count":1,"href":"https:\/\/staliprodistribution.com\/fr\/wp-json\/wp\/v2\/product\/40912\/revisions"}],"predecessor-version":[{"id":40914,"href":"https:\/\/staliprodistribution.com\/fr\/wp-json\/wp\/v2\/product\/40912\/revisions\/40914"}],"wp:featuredmedia":[{"embeddable":true,"href":"https:\/\/staliprodistribution.com\/fr\/wp-json\/wp\/v2\/media\/40913"}],"wp:attachment":[{"href":"https:\/\/staliprodistribution.com\/fr\/wp-json\/wp\/v2\/media?parent=40912"}],"wp:term":[{"taxonomy":"product_cat","embeddable":true,"href":"https:\/\/staliprodistribution.com\/fr\/wp-json\/wp\/v2\/product_cat?post=40912"},{"taxonomy":"product_tag","embeddable":true,"href":"https:\/\/staliprodistribution.com\/fr\/wp-json\/wp\/v2\/product_tag?post=40912"}],"curies":[{"name":"wp","href":"https:\/\/api.w.org\/{rel}","templated":true}]}}