{"id":40906,"date":"2024-06-03T13:10:06","date_gmt":"2024-06-03T13:10:06","guid":{"rendered":"https:\/\/staliprodistribution.com\/?post_type=product&#038;p=40906"},"modified":"2024-06-03T13:10:37","modified_gmt":"2024-06-03T13:10:37","slug":"jambon-de-dinde-4t-120g","status":"publish","type":"product","link":"https:\/\/staliprodistribution.com\/fr\/product\/jambon-de-dinde-4t-120g\/","title":{"rendered":"Jambon de Dinde  4T 120G"},"content":{"rendered":"","protected":false},"excerpt":{"rendered":"<div class=\"flex-shrink-0 flex flex-col relative items-end\">\n<div class=\"pt-0.5 juice:pt-0\">\n<div class=\"gizmo-bot-avatar flex h-6 w-6 items-center justify-center overflow-hidden rounded-full juice:h-8 juice:w-8\">\n<div class=\"relative p-1 rounded-sm flex items-center justify-center bg-token-main-surface-primary text-token-text-primary h-8 w-8\">\n<div class=\"flex-shrink-0 flex flex-col relative items-end\">\n<div class=\"pt-0.5 juice:pt-0\">\n<div class=\"gizmo-bot-avatar flex h-6 w-6 items-center justify-center overflow-hidden rounded-full juice:h-8 juice:w-8\">\n<div class=\"relative p-1 rounded-sm flex items-center justify-center bg-token-main-surface-primary text-token-text-primary h-8 w-8\">D\u00e9couvrez notre Jambon de Dinde 4 tranches 120g d&rsquo;Islamondial &#8211; une option de charcuterie fra\u00eeche et l\u00e9g\u00e8re, parfaite pour composer des sandwichs \u00e9quilibr\u00e9s ou des plateaux ap\u00e9ritifs gourmands.<\/div>\n<\/div>\n<\/div>\n<\/div>\n<\/div>\n<\/div>\n<\/div>\n<\/div>","protected":false},"featured_media":40907,"template":"","meta":[],"product_cat":[150],"product_tag":[],"class_list":{"0":"post-40906","1":"product","2":"type-product","3":"status-publish","4":"has-post-thumbnail","6":"product_cat-produits-frais-islamondial","9":"first","10":"instock","11":"shipping-taxable","12":"product-type-simple"},"aioseo_notices":[],"_links":{"self":[{"href":"https:\/\/staliprodistribution.com\/fr\/wp-json\/wp\/v2\/product\/40906"}],"collection":[{"href":"https:\/\/staliprodistribution.com\/fr\/wp-json\/wp\/v2\/product"}],"about":[{"href":"https:\/\/staliprodistribution.com\/fr\/wp-json\/wp\/v2\/types\/product"}],"version-history":[{"count":1,"href":"https:\/\/staliprodistribution.com\/fr\/wp-json\/wp\/v2\/product\/40906\/revisions"}],"predecessor-version":[{"id":40908,"href":"https:\/\/staliprodistribution.com\/fr\/wp-json\/wp\/v2\/product\/40906\/revisions\/40908"}],"wp:featuredmedia":[{"embeddable":true,"href":"https:\/\/staliprodistribution.com\/fr\/wp-json\/wp\/v2\/media\/40907"}],"wp:attachment":[{"href":"https:\/\/staliprodistribution.com\/fr\/wp-json\/wp\/v2\/media?parent=40906"}],"wp:term":[{"taxonomy":"product_cat","embeddable":true,"href":"https:\/\/staliprodistribution.com\/fr\/wp-json\/wp\/v2\/product_cat?post=40906"},{"taxonomy":"product_tag","embeddable":true,"href":"https:\/\/staliprodistribution.com\/fr\/wp-json\/wp\/v2\/product_tag?post=40906"}],"curies":[{"name":"wp","href":"https:\/\/api.w.org\/{rel}","templated":true}]}}