{"id":40903,"date":"2024-06-03T13:04:57","date_gmt":"2024-06-03T13:04:57","guid":{"rendered":"https:\/\/staliprodistribution.com\/?post_type=product&#038;p=40903"},"modified":"2024-06-03T13:09:16","modified_gmt":"2024-06-03T13:09:16","slug":"blanc-de-dinde-gout-fume-4t-120g","status":"publish","type":"product","link":"https:\/\/staliprodistribution.com\/fr\/product\/blanc-de-dinde-gout-fume-4t-120g\/","title":{"rendered":"Blanc de Dinde Gout Fum\u00e9 4T 120G"},"content":{"rendered":"","protected":false},"excerpt":{"rendered":"<div class=\"flex-shrink-0 flex flex-col relative items-end\">\n<div class=\"pt-0.5 juice:pt-0\">\n<div class=\"gizmo-bot-avatar flex h-6 w-6 items-center justify-center overflow-hidden rounded-full juice:h-8 juice:w-8\">\n<div class=\"relative p-1 rounded-sm flex items-center justify-center bg-token-main-surface-primary text-token-text-primary h-8 w-8\">\n<div class=\"flex-shrink-0 flex flex-col relative items-end\">\n<div class=\"pt-0.5 juice:pt-0\">\n<div class=\"gizmo-bot-avatar flex h-6 w-6 items-center justify-center overflow-hidden rounded-full juice:h-8 juice:w-8\">\n<div class=\"relative p-1 rounded-sm flex items-center justify-center bg-token-main-surface-primary text-token-text-primary h-8 w-8\">Savourez nos Blancs de Dinde Go\u00fbt Fum\u00e9 4 tranches 120g d&rsquo;Islamondial &#8211; une d\u00e9licieuse option de charcuterie fra\u00eeche, parfaite pour agr\u00e9menter vos sandwichs ou vos salades avec une saveur authentique et fum\u00e9e.<\/div>\n<\/div>\n<\/div>\n<\/div>\n<\/div>\n<\/div>\n<\/div>\n<\/div>","protected":false},"featured_media":40904,"template":"","meta":[],"product_cat":[150],"product_tag":[],"class_list":{"0":"post-40903","1":"product","2":"type-product","3":"status-publish","4":"has-post-thumbnail","6":"product_cat-produits-frais-islamondial","9":"first","10":"instock","11":"shipping-taxable","12":"product-type-simple"},"aioseo_notices":[],"_links":{"self":[{"href":"https:\/\/staliprodistribution.com\/fr\/wp-json\/wp\/v2\/product\/40903"}],"collection":[{"href":"https:\/\/staliprodistribution.com\/fr\/wp-json\/wp\/v2\/product"}],"about":[{"href":"https:\/\/staliprodistribution.com\/fr\/wp-json\/wp\/v2\/types\/product"}],"version-history":[{"count":1,"href":"https:\/\/staliprodistribution.com\/fr\/wp-json\/wp\/v2\/product\/40903\/revisions"}],"predecessor-version":[{"id":40905,"href":"https:\/\/staliprodistribution.com\/fr\/wp-json\/wp\/v2\/product\/40903\/revisions\/40905"}],"wp:featuredmedia":[{"embeddable":true,"href":"https:\/\/staliprodistribution.com\/fr\/wp-json\/wp\/v2\/media\/40904"}],"wp:attachment":[{"href":"https:\/\/staliprodistribution.com\/fr\/wp-json\/wp\/v2\/media?parent=40903"}],"wp:term":[{"taxonomy":"product_cat","embeddable":true,"href":"https:\/\/staliprodistribution.com\/fr\/wp-json\/wp\/v2\/product_cat?post=40903"},{"taxonomy":"product_tag","embeddable":true,"href":"https:\/\/staliprodistribution.com\/fr\/wp-json\/wp\/v2\/product_tag?post=40903"}],"curies":[{"name":"wp","href":"https:\/\/api.w.org\/{rel}","templated":true}]}}