{"id":40845,"date":"2024-06-03T12:40:31","date_gmt":"2024-06-03T12:40:31","guid":{"rendered":"https:\/\/staliprodistribution.com\/?post_type=product&#038;p=40845"},"modified":"2024-06-03T12:42:27","modified_gmt":"2024-06-03T12:42:27","slug":"nouilles-cup-abc-poulet-curry","status":"publish","type":"product","link":"https:\/\/staliprodistribution.com\/fr\/product\/nouilles-cup-abc-poulet-curry\/","title":{"rendered":"Nouilles Cup ABC Poulet Curry"},"content":{"rendered":"","protected":false},"excerpt":{"rendered":"<div class=\"flex flex-grow flex-col max-w-full\">\n<div class=\"min-h-[20px] text-message flex flex-col items-start whitespace-pre-wrap break-words [.text-message+&amp;]:mt-5 juice:w-full juice:items-end overflow-x-auto gap-2\" dir=\"auto\" data-message-author-role=\"assistant\" data-message-id=\"0276f305-c52f-434f-9d1c-0bd3a7669676\">\n<div class=\"flex w-full flex-col gap-1 juice:empty:hidden juice:first:pt-[3px]\">\n<div class=\"markdown prose w-full break-words dark:prose-invert dark\">\n<div class=\"flex flex-grow flex-col max-w-full\">\n<div class=\"min-h-[20px] text-message flex flex-col items-start whitespace-pre-wrap break-words [.text-message+&amp;]:mt-5 juice:w-full juice:items-end overflow-x-auto gap-2\" dir=\"auto\" data-message-author-role=\"assistant\" data-message-id=\"e415e488-b399-492f-b593-6d202483862f\">\n<div class=\"flex w-full flex-col gap-1 juice:empty:hidden juice:first:pt-[3px]\">\n<div class=\"markdown prose w-full break-words dark:prose-invert dark\">\n<div class=\"flex flex-grow flex-col max-w-full\">\n<div class=\"min-h-[20px] text-message flex flex-col items-start whitespace-pre-wrap break-words [.text-message+&amp;]:mt-5 juice:w-full juice:items-end overflow-x-auto gap-2\" dir=\"auto\" data-message-author-role=\"assistant\" data-message-id=\"9e0fd203-2715-46c9-bc7c-c766a1c5d026\">\n<div class=\"flex w-full flex-col gap-1 juice:empty:hidden juice:first:pt-[3px]\">\n<div class=\"markdown prose w-full break-words dark:prose-invert dark\">\n<div class=\"flex flex-grow flex-col max-w-full\">\n<div class=\"min-h-[20px] text-message flex flex-col items-start whitespace-pre-wrap break-words [.text-message+&amp;]:mt-5 juice:w-full juice:items-end overflow-x-auto gap-2\" dir=\"auto\" data-message-author-role=\"assistant\" data-message-id=\"f4726880-3022-4662-a503-728e213c5c18\">\n<div class=\"flex w-full flex-col gap-1 juice:empty:hidden juice:first:pt-[3px]\">\n<div class=\"markdown prose w-full break-words dark:prose-invert dark\">\n<p>Pr\u00eates en quelques minutes, il vous suffit d&rsquo;ajouter de l&rsquo;eau chaude pour d\u00e9guster un d\u00e9licieux repas sur le pouce, au bureau, \u00e0 l&rsquo;\u00e9cole ou en voyage.<\/p>\n<\/div>\n<\/div>\n<\/div>\n<\/div>\n<\/div>\n<\/div>\n<\/div>\n<\/div>\n<\/div>\n<\/div>\n<\/div>\n<\/div>\n<\/div>\n<\/div>\n<\/div>\n<\/div>","protected":false},"featured_media":40849,"template":"","meta":[],"product_cat":[148],"product_tag":[],"class_list":{"0":"post-40845","1":"product","2":"type-product","3":"status-publish","4":"has-post-thumbnail","6":"product_cat-surgeles-supermarche","9":"first","10":"instock","11":"shipping-taxable","12":"product-type-simple"},"aioseo_notices":[],"_links":{"self":[{"href":"https:\/\/staliprodistribution.com\/fr\/wp-json\/wp\/v2\/product\/40845"}],"collection":[{"href":"https:\/\/staliprodistribution.com\/fr\/wp-json\/wp\/v2\/product"}],"about":[{"href":"https:\/\/staliprodistribution.com\/fr\/wp-json\/wp\/v2\/types\/product"}],"version-history":[{"count":1,"href":"https:\/\/staliprodistribution.com\/fr\/wp-json\/wp\/v2\/product\/40845\/revisions"}],"predecessor-version":[{"id":40852,"href":"https:\/\/staliprodistribution.com\/fr\/wp-json\/wp\/v2\/product\/40845\/revisions\/40852"}],"wp:featuredmedia":[{"embeddable":true,"href":"https:\/\/staliprodistribution.com\/fr\/wp-json\/wp\/v2\/media\/40849"}],"wp:attachment":[{"href":"https:\/\/staliprodistribution.com\/fr\/wp-json\/wp\/v2\/media?parent=40845"}],"wp:term":[{"taxonomy":"product_cat","embeddable":true,"href":"https:\/\/staliprodistribution.com\/fr\/wp-json\/wp\/v2\/product_cat?post=40845"},{"taxonomy":"product_tag","embeddable":true,"href":"https:\/\/staliprodistribution.com\/fr\/wp-json\/wp\/v2\/product_tag?post=40845"}],"curies":[{"name":"wp","href":"https:\/\/api.w.org\/{rel}","templated":true}]}}