{"id":40773,"date":"2024-06-03T12:20:50","date_gmt":"2024-06-03T12:20:50","guid":{"rendered":"https:\/\/staliprodistribution.com\/?post_type=product&#038;p=40773"},"modified":"2024-06-03T12:22:21","modified_gmt":"2024-06-03T12:22:21","slug":"viande-hachee-egrainee-800g","status":"publish","type":"product","link":"https:\/\/staliprodistribution.com\/fr\/product\/viande-hachee-egrainee-800g\/","title":{"rendered":"Viande Hach\u00e9e \u00c9grain\u00e9e 800G"},"content":{"rendered":"","protected":false},"excerpt":{"rendered":"<div class=\"flex-shrink-0 flex flex-col relative items-end\">\n<div class=\"pt-0.5 juice:pt-0\">\n<div class=\"gizmo-bot-avatar flex h-6 w-6 items-center justify-center overflow-hidden rounded-full juice:h-8 juice:w-8\">\n<div class=\"relative p-1 rounded-sm flex items-center justify-center bg-token-main-surface-primary text-token-text-primary h-8 w-8\">Savourez la qualit\u00e9 avec la Viande Hach\u00e9e \u00c9grain\u00e9e 800g d&rsquo;Islamondial &#8211; parfaite pour des plats halal d\u00e9licieux et faciles \u00e0 pr\u00e9parer.<\/div>\n<\/div>\n<\/div>\n<\/div>","protected":false},"featured_media":40775,"template":"","meta":[],"product_cat":[149],"product_tag":[],"class_list":{"0":"post-40773","1":"product","2":"type-product","3":"status-publish","4":"has-post-thumbnail","6":"product_cat-surgeles-islamondial","9":"first","10":"instock","11":"shipping-taxable","12":"product-type-simple"},"aioseo_notices":[],"_links":{"self":[{"href":"https:\/\/staliprodistribution.com\/fr\/wp-json\/wp\/v2\/product\/40773"}],"collection":[{"href":"https:\/\/staliprodistribution.com\/fr\/wp-json\/wp\/v2\/product"}],"about":[{"href":"https:\/\/staliprodistribution.com\/fr\/wp-json\/wp\/v2\/types\/product"}],"version-history":[{"count":1,"href":"https:\/\/staliprodistribution.com\/fr\/wp-json\/wp\/v2\/product\/40773\/revisions"}],"predecessor-version":[{"id":40778,"href":"https:\/\/staliprodistribution.com\/fr\/wp-json\/wp\/v2\/product\/40773\/revisions\/40778"}],"wp:featuredmedia":[{"embeddable":true,"href":"https:\/\/staliprodistribution.com\/fr\/wp-json\/wp\/v2\/media\/40775"}],"wp:attachment":[{"href":"https:\/\/staliprodistribution.com\/fr\/wp-json\/wp\/v2\/media?parent=40773"}],"wp:term":[{"taxonomy":"product_cat","embeddable":true,"href":"https:\/\/staliprodistribution.com\/fr\/wp-json\/wp\/v2\/product_cat?post=40773"},{"taxonomy":"product_tag","embeddable":true,"href":"https:\/\/staliprodistribution.com\/fr\/wp-json\/wp\/v2\/product_tag?post=40773"}],"curies":[{"name":"wp","href":"https:\/\/api.w.org\/{rel}","templated":true}]}}