{"id":40758,"date":"2024-06-03T12:16:24","date_gmt":"2024-06-03T12:16:24","guid":{"rendered":"https:\/\/staliprodistribution.com\/?post_type=product&#038;p=40758"},"modified":"2024-06-03T12:17:15","modified_gmt":"2024-06-03T12:17:15","slug":"le-petit-pur-boeuf-450-g","status":"publish","type":"product","link":"https:\/\/staliprodistribution.com\/fr\/product\/le-petit-pur-boeuf-450-g\/","title":{"rendered":"Le P&rsquo;tit Pur Boeuf 450G"},"content":{"rendered":"","protected":false},"excerpt":{"rendered":"<p>Savourez l&rsquo;authenticit\u00e9 avec Le Petit Pur Boeuf 450g d&rsquo;Islamondial &#8211; qualit\u00e9 halal pour des repas d\u00e9licieux et raffin\u00e9s.<\/p>","protected":false},"featured_media":40759,"template":"","meta":[],"product_cat":[149],"product_tag":[],"class_list":{"0":"post-40758","1":"product","2":"type-product","3":"status-publish","4":"has-post-thumbnail","6":"product_cat-surgeles-islamondial","9":"first","10":"instock","11":"shipping-taxable","12":"product-type-simple"},"aioseo_notices":[],"_links":{"self":[{"href":"https:\/\/staliprodistribution.com\/fr\/wp-json\/wp\/v2\/product\/40758"}],"collection":[{"href":"https:\/\/staliprodistribution.com\/fr\/wp-json\/wp\/v2\/product"}],"about":[{"href":"https:\/\/staliprodistribution.com\/fr\/wp-json\/wp\/v2\/types\/product"}],"version-history":[{"count":1,"href":"https:\/\/staliprodistribution.com\/fr\/wp-json\/wp\/v2\/product\/40758\/revisions"}],"predecessor-version":[{"id":40760,"href":"https:\/\/staliprodistribution.com\/fr\/wp-json\/wp\/v2\/product\/40758\/revisions\/40760"}],"wp:featuredmedia":[{"embeddable":true,"href":"https:\/\/staliprodistribution.com\/fr\/wp-json\/wp\/v2\/media\/40759"}],"wp:attachment":[{"href":"https:\/\/staliprodistribution.com\/fr\/wp-json\/wp\/v2\/media?parent=40758"}],"wp:term":[{"taxonomy":"product_cat","embeddable":true,"href":"https:\/\/staliprodistribution.com\/fr\/wp-json\/wp\/v2\/product_cat?post=40758"},{"taxonomy":"product_tag","embeddable":true,"href":"https:\/\/staliprodistribution.com\/fr\/wp-json\/wp\/v2\/product_tag?post=40758"}],"curies":[{"name":"wp","href":"https:\/\/api.w.org\/{rel}","templated":true}]}}