{"id":40737,"date":"2024-06-03T12:10:13","date_gmt":"2024-06-03T12:10:13","guid":{"rendered":"https:\/\/staliprodistribution.com\/?post_type=product&#038;p=40737"},"modified":"2024-06-03T12:10:27","modified_gmt":"2024-06-03T12:10:27","slug":"le-100-pur-boeuf-800g","status":"publish","type":"product","link":"https:\/\/staliprodistribution.com\/fr\/product\/le-100-pur-boeuf-800g\/","title":{"rendered":"Le 100% Pur Boeuf 800G"},"content":{"rendered":"","protected":false},"excerpt":{"rendered":"<p>D\u00e9couvrez l&rsquo;excellence halal avec notre boeuf 100% pur surgel\u00e9 de 800g &#8211; la qualit\u00e9 Islamondial pour des repas savoureux \u00e0 chaque bouch\u00e9e.<\/p>","protected":false},"featured_media":40738,"template":"","meta":[],"product_cat":[149],"product_tag":[],"class_list":{"0":"post-40737","1":"product","2":"type-product","3":"status-publish","4":"has-post-thumbnail","6":"product_cat-surgeles-islamondial","9":"first","10":"instock","11":"shipping-taxable","12":"product-type-simple"},"aioseo_notices":[],"_links":{"self":[{"href":"https:\/\/staliprodistribution.com\/fr\/wp-json\/wp\/v2\/product\/40737"}],"collection":[{"href":"https:\/\/staliprodistribution.com\/fr\/wp-json\/wp\/v2\/product"}],"about":[{"href":"https:\/\/staliprodistribution.com\/fr\/wp-json\/wp\/v2\/types\/product"}],"version-history":[{"count":2,"href":"https:\/\/staliprodistribution.com\/fr\/wp-json\/wp\/v2\/product\/40737\/revisions"}],"predecessor-version":[{"id":40744,"href":"https:\/\/staliprodistribution.com\/fr\/wp-json\/wp\/v2\/product\/40737\/revisions\/40744"}],"wp:featuredmedia":[{"embeddable":true,"href":"https:\/\/staliprodistribution.com\/fr\/wp-json\/wp\/v2\/media\/40738"}],"wp:attachment":[{"href":"https:\/\/staliprodistribution.com\/fr\/wp-json\/wp\/v2\/media?parent=40737"}],"wp:term":[{"taxonomy":"product_cat","embeddable":true,"href":"https:\/\/staliprodistribution.com\/fr\/wp-json\/wp\/v2\/product_cat?post=40737"},{"taxonomy":"product_tag","embeddable":true,"href":"https:\/\/staliprodistribution.com\/fr\/wp-json\/wp\/v2\/product_tag?post=40737"}],"curies":[{"name":"wp","href":"https:\/\/api.w.org\/{rel}","templated":true}]}}