{"id":40627,"date":"2024-05-30T13:06:02","date_gmt":"2024-05-30T13:06:02","guid":{"rendered":"https:\/\/staliprodistribution.com\/?post_type=product&#038;p=40627"},"modified":"2024-05-30T13:08:21","modified_gmt":"2024-05-30T13:08:21","slug":"poisson-grille-tomate-basilic","status":"publish","type":"product","link":"https:\/\/staliprodistribution.com\/fr\/product\/poisson-grille-tomate-basilic\/","title":{"rendered":"Poisson grille\u0301 tomate basilic"},"content":{"rendered":"","protected":false},"excerpt":{"rendered":"<div class=\"flex flex-grow flex-col max-w-full\">\n<div class=\"min-h-[20px] text-message flex flex-col items-start whitespace-pre-wrap break-words [.text-message+&amp;]:mt-5 juice:w-full juice:items-end overflow-x-auto gap-2\" dir=\"auto\" data-message-author-role=\"assistant\" data-message-id=\"0276f305-c52f-434f-9d1c-0bd3a7669676\">\n<div class=\"flex w-full flex-col gap-1 juice:empty:hidden juice:first:pt-[3px]\">\n<div class=\"markdown prose w-full break-words dark:prose-invert dark\">\n<div class=\"flex flex-grow flex-col max-w-full\">\n<div class=\"min-h-[20px] text-message flex flex-col items-start whitespace-pre-wrap break-words [.text-message+&amp;]:mt-5 juice:w-full juice:items-end overflow-x-auto gap-2\" dir=\"auto\" data-message-author-role=\"assistant\" data-message-id=\"e415e488-b399-492f-b593-6d202483862f\">\n<div class=\"flex w-full flex-col gap-1 juice:empty:hidden juice:first:pt-[3px]\">\n<div class=\"markdown prose w-full break-words dark:prose-invert dark\">\n<div class=\"flex flex-grow flex-col max-w-full\">\n<div class=\"min-h-[20px] text-message flex flex-col items-start whitespace-pre-wrap break-words [.text-message+&amp;]:mt-5 juice:w-full juice:items-end overflow-x-auto gap-2\" dir=\"auto\" data-message-author-role=\"assistant\" data-message-id=\"9e0fd203-2715-46c9-bc7c-c766a1c5d026\">\n<div class=\"flex w-full flex-col gap-1 juice:empty:hidden juice:first:pt-[3px]\">\n<div class=\"markdown prose w-full break-words dark:prose-invert dark\">\n<p>Chaque filet de poisson est d\u00e9licatement grill\u00e9 et assaisonn\u00e9 avec une sauce tomate savoureuse et des feuilles de basilic frais, cr\u00e9ant un m\u00e9lange de saveurs m\u00e9diterran\u00e9ennes irr\u00e9sistibles.<\/p>\n<\/div>\n<\/div>\n<\/div>\n<\/div>\n<div class=\"mt-1 flex gap-3 empty:hidden juice:-ml-3\">\n<div class=\"items-center justify-start rounded-xl p-1 flex\">\n<div class=\"flex items-center\">\n<div class=\"flex items-center pb-0.5 juice:pb-0\">\n<div class=\"[&amp;_svg]:h-full [&amp;_svg]:w-full icon-md h-4 w-4\"><\/div>\n<\/div>\n<\/div>\n<\/div>\n<\/div>\n<\/div>\n<\/div>\n<\/div>\n<\/div>\n<\/div>\n<\/div>\n<\/div>\n<\/div>","protected":false},"featured_media":40628,"template":"","meta":[],"product_cat":[148],"product_tag":[],"class_list":{"0":"post-40627","1":"product","2":"type-product","3":"status-publish","4":"has-post-thumbnail","6":"product_cat-surgeles-supermarche","9":"first","10":"instock","11":"shipping-taxable","12":"product-type-simple"},"aioseo_notices":[],"_links":{"self":[{"href":"https:\/\/staliprodistribution.com\/fr\/wp-json\/wp\/v2\/product\/40627"}],"collection":[{"href":"https:\/\/staliprodistribution.com\/fr\/wp-json\/wp\/v2\/product"}],"about":[{"href":"https:\/\/staliprodistribution.com\/fr\/wp-json\/wp\/v2\/types\/product"}],"version-history":[{"count":1,"href":"https:\/\/staliprodistribution.com\/fr\/wp-json\/wp\/v2\/product\/40627\/revisions"}],"predecessor-version":[{"id":40629,"href":"https:\/\/staliprodistribution.com\/fr\/wp-json\/wp\/v2\/product\/40627\/revisions\/40629"}],"wp:featuredmedia":[{"embeddable":true,"href":"https:\/\/staliprodistribution.com\/fr\/wp-json\/wp\/v2\/media\/40628"}],"wp:attachment":[{"href":"https:\/\/staliprodistribution.com\/fr\/wp-json\/wp\/v2\/media?parent=40627"}],"wp:term":[{"taxonomy":"product_cat","embeddable":true,"href":"https:\/\/staliprodistribution.com\/fr\/wp-json\/wp\/v2\/product_cat?post=40627"},{"taxonomy":"product_tag","embeddable":true,"href":"https:\/\/staliprodistribution.com\/fr\/wp-json\/wp\/v2\/product_tag?post=40627"}],"curies":[{"name":"wp","href":"https:\/\/api.w.org\/{rel}","templated":true}]}}