{"id":40520,"date":"2024-05-29T13:58:02","date_gmt":"2024-05-29T13:58:02","guid":{"rendered":"https:\/\/staliprodistribution.com\/?post_type=product&#038;p=40520"},"modified":"2024-05-29T14:03:06","modified_gmt":"2024-05-29T14:03:06","slug":"mini-meloui%cc%88-nature-6-pieces","status":"publish","type":"product","link":"https:\/\/staliprodistribution.com\/fr\/product\/mini-meloui%cc%88-nature-6-pieces\/","title":{"rendered":"Mini Meloui\u0308 Nature 6 pie\u0300ces"},"content":{"rendered":"","protected":false},"excerpt":{"rendered":"<div class=\"flex flex-grow flex-col max-w-full\">\n<div class=\"min-h-[20px] text-message flex flex-col items-start whitespace-pre-wrap break-words [.text-message+&amp;]:mt-5 juice:w-full juice:items-end overflow-x-auto gap-2\" dir=\"auto\" data-message-author-role=\"assistant\" data-message-id=\"0276f305-c52f-434f-9d1c-0bd3a7669676\">\n<div class=\"flex w-full flex-col gap-1 juice:empty:hidden juice:first:pt-[3px]\">\n<div class=\"markdown prose w-full break-words dark:prose-invert dark\">\n<p>Leur texture feuillet\u00e9e et leur saveur subtile en font une option d\u00e9licieuse pour toute la famille. Parfaites pour accompagner un th\u00e9 chaud ou pour \u00eatre d\u00e9gust\u00e9es telles quelles. Profitez de ces mini d\u00e9lices pour une exp\u00e9rience de d\u00e9gustation unique et savoureuse.<\/p>\n<\/div>\n<\/div>\n<\/div>\n<\/div>","protected":false},"featured_media":40521,"template":"","meta":[],"product_cat":[148],"product_tag":[],"class_list":{"0":"post-40520","1":"product","2":"type-product","3":"status-publish","4":"has-post-thumbnail","6":"product_cat-surgeles-supermarche","9":"first","10":"instock","11":"shipping-taxable","12":"product-type-simple"},"aioseo_notices":[],"_links":{"self":[{"href":"https:\/\/staliprodistribution.com\/fr\/wp-json\/wp\/v2\/product\/40520"}],"collection":[{"href":"https:\/\/staliprodistribution.com\/fr\/wp-json\/wp\/v2\/product"}],"about":[{"href":"https:\/\/staliprodistribution.com\/fr\/wp-json\/wp\/v2\/types\/product"}],"version-history":[{"count":1,"href":"https:\/\/staliprodistribution.com\/fr\/wp-json\/wp\/v2\/product\/40520\/revisions"}],"predecessor-version":[{"id":40522,"href":"https:\/\/staliprodistribution.com\/fr\/wp-json\/wp\/v2\/product\/40520\/revisions\/40522"}],"wp:featuredmedia":[{"embeddable":true,"href":"https:\/\/staliprodistribution.com\/fr\/wp-json\/wp\/v2\/media\/40521"}],"wp:attachment":[{"href":"https:\/\/staliprodistribution.com\/fr\/wp-json\/wp\/v2\/media?parent=40520"}],"wp:term":[{"taxonomy":"product_cat","embeddable":true,"href":"https:\/\/staliprodistribution.com\/fr\/wp-json\/wp\/v2\/product_cat?post=40520"},{"taxonomy":"product_tag","embeddable":true,"href":"https:\/\/staliprodistribution.com\/fr\/wp-json\/wp\/v2\/product_tag?post=40520"}],"curies":[{"name":"wp","href":"https:\/\/api.w.org\/{rel}","templated":true}]}}