{"id":40513,"date":"2024-05-29T13:52:33","date_gmt":"2024-05-29T13:52:33","guid":{"rendered":"https:\/\/staliprodistribution.com\/?post_type=product&#038;p=40513"},"modified":"2024-05-29T13:54:38","modified_gmt":"2024-05-29T13:54:38","slug":"el-msamen-nature-4-pieces","status":"publish","type":"product","link":"https:\/\/staliprodistribution.com\/fr\/product\/el-msamen-nature-4-pieces\/","title":{"rendered":"El Msamen nature (4 pie\u0300ces)"},"content":{"rendered":"","protected":false},"excerpt":{"rendered":"<p>Ces d\u00e9licieuses cr\u00eapes feuillet\u00e9es, pr\u00e9par\u00e9es artisanalement avec des ingr\u00e9dients de qualit\u00e9, sont parfaites pour \u00eatre servies au petit-d\u00e9jeuner, au go\u00fbter ou en accompagnement de vos plats principaux. Leur texture unique, croustillante \u00e0 l&rsquo;ext\u00e9rieur et moelleuse \u00e0 l&rsquo;int\u00e9rieur, les rend irr\u00e9sistibles.<\/p>","protected":false},"featured_media":40514,"template":"","meta":[],"product_cat":[148],"product_tag":[],"class_list":{"0":"post-40513","1":"product","2":"type-product","3":"status-publish","4":"has-post-thumbnail","6":"product_cat-surgeles-supermarche","9":"first","10":"instock","11":"shipping-taxable","12":"product-type-simple"},"aioseo_notices":[],"_links":{"self":[{"href":"https:\/\/staliprodistribution.com\/fr\/wp-json\/wp\/v2\/product\/40513"}],"collection":[{"href":"https:\/\/staliprodistribution.com\/fr\/wp-json\/wp\/v2\/product"}],"about":[{"href":"https:\/\/staliprodistribution.com\/fr\/wp-json\/wp\/v2\/types\/product"}],"version-history":[{"count":2,"href":"https:\/\/staliprodistribution.com\/fr\/wp-json\/wp\/v2\/product\/40513\/revisions"}],"predecessor-version":[{"id":40516,"href":"https:\/\/staliprodistribution.com\/fr\/wp-json\/wp\/v2\/product\/40513\/revisions\/40516"}],"wp:featuredmedia":[{"embeddable":true,"href":"https:\/\/staliprodistribution.com\/fr\/wp-json\/wp\/v2\/media\/40514"}],"wp:attachment":[{"href":"https:\/\/staliprodistribution.com\/fr\/wp-json\/wp\/v2\/media?parent=40513"}],"wp:term":[{"taxonomy":"product_cat","embeddable":true,"href":"https:\/\/staliprodistribution.com\/fr\/wp-json\/wp\/v2\/product_cat?post=40513"},{"taxonomy":"product_tag","embeddable":true,"href":"https:\/\/staliprodistribution.com\/fr\/wp-json\/wp\/v2\/product_tag?post=40513"}],"curies":[{"name":"wp","href":"https:\/\/api.w.org\/{rel}","templated":true}]}}