{"id":40510,"date":"2024-05-29T13:36:49","date_gmt":"2024-05-29T13:36:49","guid":{"rendered":"https:\/\/staliprodistribution.com\/?post_type=product&#038;p=40510"},"modified":"2024-05-29T13:39:39","modified_gmt":"2024-05-29T13:39:39","slug":"meloui-nature-5-pieces","status":"publish","type":"product","link":"https:\/\/staliprodistribution.com\/fr\/product\/meloui-nature-5-pieces\/","title":{"rendered":"Meloui nature (5 pi\u00e8ces)"},"content":{"rendered":"","protected":false},"excerpt":{"rendered":"<p>Chaque pack contient 5 pi\u00e8ces de ces d\u00e9licieuses cr\u00eapes feuillet\u00e9es, id\u00e9ales pour le petit-d\u00e9jeuner ou le go\u00fbter. L\u00e9g\u00e8rement dor\u00e9es et incroyablement moelleuses, elles peuvent \u00eatre consomm\u00e9es telles quelles ou accompagn\u00e9es de miel, de confiture, ou de fromage frais.<\/p>","protected":false},"featured_media":40509,"template":"","meta":[],"product_cat":[148],"product_tag":[],"class_list":{"0":"post-40510","1":"product","2":"type-product","3":"status-publish","4":"has-post-thumbnail","6":"product_cat-surgeles-supermarche","9":"first","10":"instock","11":"shipping-taxable","12":"product-type-simple"},"aioseo_notices":[],"_links":{"self":[{"href":"https:\/\/staliprodistribution.com\/fr\/wp-json\/wp\/v2\/product\/40510"}],"collection":[{"href":"https:\/\/staliprodistribution.com\/fr\/wp-json\/wp\/v2\/product"}],"about":[{"href":"https:\/\/staliprodistribution.com\/fr\/wp-json\/wp\/v2\/types\/product"}],"version-history":[{"count":1,"href":"https:\/\/staliprodistribution.com\/fr\/wp-json\/wp\/v2\/product\/40510\/revisions"}],"predecessor-version":[{"id":40511,"href":"https:\/\/staliprodistribution.com\/fr\/wp-json\/wp\/v2\/product\/40510\/revisions\/40511"}],"wp:featuredmedia":[{"embeddable":true,"href":"https:\/\/staliprodistribution.com\/fr\/wp-json\/wp\/v2\/media\/40509"}],"wp:attachment":[{"href":"https:\/\/staliprodistribution.com\/fr\/wp-json\/wp\/v2\/media?parent=40510"}],"wp:term":[{"taxonomy":"product_cat","embeddable":true,"href":"https:\/\/staliprodistribution.com\/fr\/wp-json\/wp\/v2\/product_cat?post=40510"},{"taxonomy":"product_tag","embeddable":true,"href":"https:\/\/staliprodistribution.com\/fr\/wp-json\/wp\/v2\/product_tag?post=40510"}],"curies":[{"name":"wp","href":"https:\/\/api.w.org\/{rel}","templated":true}]}}