{"id":39360,"date":"2023-12-29T17:17:07","date_gmt":"2023-12-29T17:17:07","guid":{"rendered":"https:\/\/staliprodistribution.com\/?post_type=product&#038;p=39360"},"modified":"2024-01-03T15:51:10","modified_gmt":"2024-01-03T15:51:10","slug":"samourai-2","status":"publish","type":"product","link":"https:\/\/staliprodistribution.com\/fr\/product\/samourai-2\/","title":{"rendered":"Samourai"},"content":{"rendered":"","protected":false},"excerpt":{"rendered":"<p>Notre Sauce Samoura\u00ef marie habilement la chaleur exotique des \u00e9pices avec la douceur velout\u00e9e d&rsquo;une base cr\u00e9meuse. Chaque ingr\u00e9dient est choisi avec soin pour cr\u00e9er un \u00e9quilibre parfait de saveurs, offrant une explosion en bouche qui s\u00e9duit les amateurs de sensations fortes et de go\u00fbts raffin\u00e9s.<\/p>","protected":false},"featured_media":39361,"template":"","meta":[],"product_cat":[107],"product_tag":[],"class_list":{"0":"post-39360","1":"product","2":"type-product","3":"status-publish","4":"has-post-thumbnail","6":"product_cat-sauces","9":"first","10":"instock","11":"shipping-taxable","12":"product-type-simple"},"aioseo_notices":[],"_links":{"self":[{"href":"https:\/\/staliprodistribution.com\/fr\/wp-json\/wp\/v2\/product\/39360"}],"collection":[{"href":"https:\/\/staliprodistribution.com\/fr\/wp-json\/wp\/v2\/product"}],"about":[{"href":"https:\/\/staliprodistribution.com\/fr\/wp-json\/wp\/v2\/types\/product"}],"version-history":[{"count":3,"href":"https:\/\/staliprodistribution.com\/fr\/wp-json\/wp\/v2\/product\/39360\/revisions"}],"predecessor-version":[{"id":40229,"href":"https:\/\/staliprodistribution.com\/fr\/wp-json\/wp\/v2\/product\/39360\/revisions\/40229"}],"wp:featuredmedia":[{"embeddable":true,"href":"https:\/\/staliprodistribution.com\/fr\/wp-json\/wp\/v2\/media\/39361"}],"wp:attachment":[{"href":"https:\/\/staliprodistribution.com\/fr\/wp-json\/wp\/v2\/media?parent=39360"}],"wp:term":[{"taxonomy":"product_cat","embeddable":true,"href":"https:\/\/staliprodistribution.com\/fr\/wp-json\/wp\/v2\/product_cat?post=39360"},{"taxonomy":"product_tag","embeddable":true,"href":"https:\/\/staliprodistribution.com\/fr\/wp-json\/wp\/v2\/product_tag?post=39360"}],"curies":[{"name":"wp","href":"https:\/\/api.w.org\/{rel}","templated":true}]}}