{"id":39357,"date":"2023-12-29T17:15:02","date_gmt":"2023-12-29T17:15:02","guid":{"rendered":"https:\/\/staliprodistribution.com\/?post_type=product&#038;p=39357"},"modified":"2024-01-03T15:51:31","modified_gmt":"2024-01-03T15:51:31","slug":"poivre-2","status":"publish","type":"product","link":"https:\/\/staliprodistribution.com\/fr\/product\/poivre-2\/","title":{"rendered":"Poivre"},"content":{"rendered":"","protected":false},"excerpt":{"rendered":"<p>Une symphonie de saveurs robustes et de notes poivr\u00e9es, cette sauce apporte une touche raffin\u00e9e \u00e0 chaque plat. Red\u00e9couvrez le classique avec une qualit\u00e9 exceptionnelle, seulement chez Stali Pro.<\/p>","protected":false},"featured_media":39358,"template":"","meta":[],"product_cat":[107],"product_tag":[],"class_list":{"0":"post-39357","1":"product","2":"type-product","3":"status-publish","4":"has-post-thumbnail","6":"product_cat-sauces","9":"first","10":"instock","11":"shipping-taxable","12":"product-type-simple"},"aioseo_notices":[],"_links":{"self":[{"href":"https:\/\/staliprodistribution.com\/fr\/wp-json\/wp\/v2\/product\/39357"}],"collection":[{"href":"https:\/\/staliprodistribution.com\/fr\/wp-json\/wp\/v2\/product"}],"about":[{"href":"https:\/\/staliprodistribution.com\/fr\/wp-json\/wp\/v2\/types\/product"}],"version-history":[{"count":3,"href":"https:\/\/staliprodistribution.com\/fr\/wp-json\/wp\/v2\/product\/39357\/revisions"}],"predecessor-version":[{"id":40230,"href":"https:\/\/staliprodistribution.com\/fr\/wp-json\/wp\/v2\/product\/39357\/revisions\/40230"}],"wp:featuredmedia":[{"embeddable":true,"href":"https:\/\/staliprodistribution.com\/fr\/wp-json\/wp\/v2\/media\/39358"}],"wp:attachment":[{"href":"https:\/\/staliprodistribution.com\/fr\/wp-json\/wp\/v2\/media?parent=39357"}],"wp:term":[{"taxonomy":"product_cat","embeddable":true,"href":"https:\/\/staliprodistribution.com\/fr\/wp-json\/wp\/v2\/product_cat?post=39357"},{"taxonomy":"product_tag","embeddable":true,"href":"https:\/\/staliprodistribution.com\/fr\/wp-json\/wp\/v2\/product_tag?post=39357"}],"curies":[{"name":"wp","href":"https:\/\/api.w.org\/{rel}","templated":true}]}}