{"id":39352,"date":"2023-12-29T17:13:02","date_gmt":"2023-12-29T17:13:02","guid":{"rendered":"https:\/\/staliprodistribution.com\/?post_type=product&#038;p=39352"},"modified":"2024-01-03T15:51:54","modified_gmt":"2024-01-03T15:51:54","slug":"mayonaise","status":"publish","type":"product","link":"https:\/\/staliprodistribution.com\/fr\/product\/mayonaise\/","title":{"rendered":"Mayonaise"},"content":{"rendered":"","protected":false},"excerpt":{"rendered":"<p>Onctueuse, velout\u00e9e et d&rsquo;une richesse in\u00e9gal\u00e9e, notre mayonnaise est l&rsquo;accompagnement parfait pour rehausser le go\u00fbt de tous vos mets pr\u00e9f\u00e9r\u00e9s.<\/p>","protected":false},"featured_media":39355,"template":"","meta":[],"product_cat":[107],"product_tag":[],"class_list":{"0":"post-39352","1":"product","2":"type-product","3":"status-publish","4":"has-post-thumbnail","6":"product_cat-sauces","9":"first","10":"instock","11":"shipping-taxable","12":"product-type-simple"},"aioseo_notices":[],"_links":{"self":[{"href":"https:\/\/staliprodistribution.com\/fr\/wp-json\/wp\/v2\/product\/39352"}],"collection":[{"href":"https:\/\/staliprodistribution.com\/fr\/wp-json\/wp\/v2\/product"}],"about":[{"href":"https:\/\/staliprodistribution.com\/fr\/wp-json\/wp\/v2\/types\/product"}],"version-history":[{"count":3,"href":"https:\/\/staliprodistribution.com\/fr\/wp-json\/wp\/v2\/product\/39352\/revisions"}],"predecessor-version":[{"id":40231,"href":"https:\/\/staliprodistribution.com\/fr\/wp-json\/wp\/v2\/product\/39352\/revisions\/40231"}],"wp:featuredmedia":[{"embeddable":true,"href":"https:\/\/staliprodistribution.com\/fr\/wp-json\/wp\/v2\/media\/39355"}],"wp:attachment":[{"href":"https:\/\/staliprodistribution.com\/fr\/wp-json\/wp\/v2\/media?parent=39352"}],"wp:term":[{"taxonomy":"product_cat","embeddable":true,"href":"https:\/\/staliprodistribution.com\/fr\/wp-json\/wp\/v2\/product_cat?post=39352"},{"taxonomy":"product_tag","embeddable":true,"href":"https:\/\/staliprodistribution.com\/fr\/wp-json\/wp\/v2\/product_tag?post=39352"}],"curies":[{"name":"wp","href":"https:\/\/api.w.org\/{rel}","templated":true}]}}