{"id":39319,"date":"2023-12-29T16:49:53","date_gmt":"2023-12-29T16:49:53","guid":{"rendered":"https:\/\/staliprodistribution.com\/?post_type=product&#038;p=39319"},"modified":"2024-01-03T15:54:33","modified_gmt":"2024-01-03T15:54:33","slug":"andalouse-2","status":"publish","type":"product","link":"https:\/\/staliprodistribution.com\/fr\/product\/andalouse-2\/","title":{"rendered":"Andalouse"},"content":{"rendered":"","protected":false},"excerpt":{"rendered":"<p>Cette sauce cr\u00e9meuse et relev\u00e9e, inspir\u00e9e par les saveurs de la cuisine andalouse, marie parfaitement la douceur de la mayonnaise avec le piquant subtil du poivron, de l&rsquo;ail et des \u00e9pices s\u00e9lectionn\u00e9es.<\/p>","protected":false},"featured_media":39322,"template":"","meta":[],"product_cat":[107],"product_tag":[],"class_list":{"0":"post-39319","1":"product","2":"type-product","3":"status-publish","4":"has-post-thumbnail","6":"product_cat-sauces","9":"first","10":"instock","11":"shipping-taxable","12":"product-type-simple"},"aioseo_notices":[],"_links":{"self":[{"href":"https:\/\/staliprodistribution.com\/fr\/wp-json\/wp\/v2\/product\/39319"}],"collection":[{"href":"https:\/\/staliprodistribution.com\/fr\/wp-json\/wp\/v2\/product"}],"about":[{"href":"https:\/\/staliprodistribution.com\/fr\/wp-json\/wp\/v2\/types\/product"}],"version-history":[{"count":2,"href":"https:\/\/staliprodistribution.com\/fr\/wp-json\/wp\/v2\/product\/39319\/revisions"}],"predecessor-version":[{"id":40236,"href":"https:\/\/staliprodistribution.com\/fr\/wp-json\/wp\/v2\/product\/39319\/revisions\/40236"}],"wp:featuredmedia":[{"embeddable":true,"href":"https:\/\/staliprodistribution.com\/fr\/wp-json\/wp\/v2\/media\/39322"}],"wp:attachment":[{"href":"https:\/\/staliprodistribution.com\/fr\/wp-json\/wp\/v2\/media?parent=39319"}],"wp:term":[{"taxonomy":"product_cat","embeddable":true,"href":"https:\/\/staliprodistribution.com\/fr\/wp-json\/wp\/v2\/product_cat?post=39319"},{"taxonomy":"product_tag","embeddable":true,"href":"https:\/\/staliprodistribution.com\/fr\/wp-json\/wp\/v2\/product_tag?post=39319"}],"curies":[{"name":"wp","href":"https:\/\/api.w.org\/{rel}","templated":true}]}}