{"id":39303,"date":"2023-12-29T16:39:38","date_gmt":"2023-12-29T16:39:38","guid":{"rendered":"https:\/\/staliprodistribution.com\/?post_type=product&#038;p=39303"},"modified":"2024-01-03T15:56:07","modified_gmt":"2024-01-03T15:56:07","slug":"moutarde","status":"publish","type":"product","link":"https:\/\/staliprodistribution.com\/fr\/product\/moutarde\/","title":{"rendered":"Moutarde"},"content":{"rendered":"","protected":false},"excerpt":{"rendered":"<p>Pr\u00e9par\u00e9e avec des graines de moutarde de qualit\u00e9 sup\u00e9rieure, vinaigre, et assaisonn\u00e9e avec soin, notre moutarde offre une combinaison \u00e9quilibr\u00e9e de piquant et de saveurs robustes.<\/p>","protected":false},"featured_media":39304,"template":"","meta":[],"product_cat":[107],"product_tag":[],"class_list":{"0":"post-39303","1":"product","2":"type-product","3":"status-publish","4":"has-post-thumbnail","6":"product_cat-sauces","9":"first","10":"instock","11":"shipping-taxable","12":"product-type-simple"},"aioseo_notices":[],"_links":{"self":[{"href":"https:\/\/staliprodistribution.com\/fr\/wp-json\/wp\/v2\/product\/39303"}],"collection":[{"href":"https:\/\/staliprodistribution.com\/fr\/wp-json\/wp\/v2\/product"}],"about":[{"href":"https:\/\/staliprodistribution.com\/fr\/wp-json\/wp\/v2\/types\/product"}],"version-history":[{"count":2,"href":"https:\/\/staliprodistribution.com\/fr\/wp-json\/wp\/v2\/product\/39303\/revisions"}],"predecessor-version":[{"id":40239,"href":"https:\/\/staliprodistribution.com\/fr\/wp-json\/wp\/v2\/product\/39303\/revisions\/40239"}],"wp:featuredmedia":[{"embeddable":true,"href":"https:\/\/staliprodistribution.com\/fr\/wp-json\/wp\/v2\/media\/39304"}],"wp:attachment":[{"href":"https:\/\/staliprodistribution.com\/fr\/wp-json\/wp\/v2\/media?parent=39303"}],"wp:term":[{"taxonomy":"product_cat","embeddable":true,"href":"https:\/\/staliprodistribution.com\/fr\/wp-json\/wp\/v2\/product_cat?post=39303"},{"taxonomy":"product_tag","embeddable":true,"href":"https:\/\/staliprodistribution.com\/fr\/wp-json\/wp\/v2\/product_tag?post=39303"}],"curies":[{"name":"wp","href":"https:\/\/api.w.org\/{rel}","templated":true}]}}