{"id":39294,"date":"2023-12-29T16:34:40","date_gmt":"2023-12-29T16:34:40","guid":{"rendered":"https:\/\/staliprodistribution.com\/?post_type=product&#038;p=39294"},"modified":"2024-01-03T16:21:56","modified_gmt":"2024-01-03T16:21:56","slug":"curry-de-madras","status":"publish","type":"product","link":"https:\/\/staliprodistribution.com\/fr\/product\/curry-de-madras\/","title":{"rendered":"Curry De Madras"},"content":{"rendered":"","protected":false},"excerpt":{"rendered":"<p>Inspir\u00e9e par les saveurs vibrantes de la cuisine indienne, cette sauce est un m\u00e9lange parfait d&rsquo;\u00e9pices authentiques, de tomates juteuses et de lait de coco cr\u00e9meux.<\/p>","protected":false},"featured_media":39295,"template":"","meta":[],"product_cat":[107],"product_tag":[],"class_list":{"0":"post-39294","1":"product","2":"type-product","3":"status-publish","4":"has-post-thumbnail","6":"product_cat-sauces","9":"first","10":"instock","11":"shipping-taxable","12":"product-type-simple"},"aioseo_notices":[],"_links":{"self":[{"href":"https:\/\/staliprodistribution.com\/fr\/wp-json\/wp\/v2\/product\/39294"}],"collection":[{"href":"https:\/\/staliprodistribution.com\/fr\/wp-json\/wp\/v2\/product"}],"about":[{"href":"https:\/\/staliprodistribution.com\/fr\/wp-json\/wp\/v2\/types\/product"}],"version-history":[{"count":2,"href":"https:\/\/staliprodistribution.com\/fr\/wp-json\/wp\/v2\/product\/39294\/revisions"}],"predecessor-version":[{"id":40326,"href":"https:\/\/staliprodistribution.com\/fr\/wp-json\/wp\/v2\/product\/39294\/revisions\/40326"}],"wp:featuredmedia":[{"embeddable":true,"href":"https:\/\/staliprodistribution.com\/fr\/wp-json\/wp\/v2\/media\/39295"}],"wp:attachment":[{"href":"https:\/\/staliprodistribution.com\/fr\/wp-json\/wp\/v2\/media?parent=39294"}],"wp:term":[{"taxonomy":"product_cat","embeddable":true,"href":"https:\/\/staliprodistribution.com\/fr\/wp-json\/wp\/v2\/product_cat?post=39294"},{"taxonomy":"product_tag","embeddable":true,"href":"https:\/\/staliprodistribution.com\/fr\/wp-json\/wp\/v2\/product_tag?post=39294"}],"curies":[{"name":"wp","href":"https:\/\/api.w.org\/{rel}","templated":true}]}}