{"id":39272,"date":"2023-12-29T16:19:19","date_gmt":"2023-12-29T16:19:19","guid":{"rendered":"https:\/\/staliprodistribution.com\/?post_type=product&#038;p=39272"},"modified":"2024-01-03T15:59:25","modified_gmt":"2024-01-03T15:59:25","slug":"mayo-traiteur","status":"publish","type":"product","link":"https:\/\/staliprodistribution.com\/fr\/product\/mayo-traiteur\/","title":{"rendered":"Mayo-Traiteur"},"content":{"rendered":"","protected":false},"excerpt":{"rendered":"<p>Une mayonnaise d&rsquo;exception, pr\u00e9par\u00e9e avec soin pour sublimer vos plats pr\u00e9f\u00e9r\u00e9s. Sa texture cr\u00e9meuse, son go\u00fbt riche et sa polyvalence en font le choix id\u00e9al pour accompagner salades, sandwichs et bien plus encore.<\/p>","protected":false},"featured_media":39274,"template":"","meta":[],"product_cat":[107],"product_tag":[],"class_list":{"0":"post-39272","1":"product","2":"type-product","3":"status-publish","4":"has-post-thumbnail","6":"product_cat-sauces","9":"first","10":"instock","11":"shipping-taxable","12":"product-type-simple"},"aioseo_notices":[],"_links":{"self":[{"href":"https:\/\/staliprodistribution.com\/fr\/wp-json\/wp\/v2\/product\/39272"}],"collection":[{"href":"https:\/\/staliprodistribution.com\/fr\/wp-json\/wp\/v2\/product"}],"about":[{"href":"https:\/\/staliprodistribution.com\/fr\/wp-json\/wp\/v2\/types\/product"}],"version-history":[{"count":3,"href":"https:\/\/staliprodistribution.com\/fr\/wp-json\/wp\/v2\/product\/39272\/revisions"}],"predecessor-version":[{"id":40244,"href":"https:\/\/staliprodistribution.com\/fr\/wp-json\/wp\/v2\/product\/39272\/revisions\/40244"}],"wp:featuredmedia":[{"embeddable":true,"href":"https:\/\/staliprodistribution.com\/fr\/wp-json\/wp\/v2\/media\/39274"}],"wp:attachment":[{"href":"https:\/\/staliprodistribution.com\/fr\/wp-json\/wp\/v2\/media?parent=39272"}],"wp:term":[{"taxonomy":"product_cat","embeddable":true,"href":"https:\/\/staliprodistribution.com\/fr\/wp-json\/wp\/v2\/product_cat?post=39272"},{"taxonomy":"product_tag","embeddable":true,"href":"https:\/\/staliprodistribution.com\/fr\/wp-json\/wp\/v2\/product_tag?post=39272"}],"curies":[{"name":"wp","href":"https:\/\/api.w.org\/{rel}","templated":true}]}}