{"id":39266,"date":"2023-12-29T15:55:48","date_gmt":"2023-12-29T15:55:48","guid":{"rendered":"https:\/\/staliprodistribution.com\/?post_type=product&#038;p=39266"},"modified":"2024-01-03T16:01:15","modified_gmt":"2024-01-03T16:01:15","slug":"biggyburger","status":"publish","type":"product","link":"https:\/\/staliprodistribution.com\/fr\/product\/biggyburger\/","title":{"rendered":"Biggyburger"},"content":{"rendered":"","protected":false},"excerpt":{"rendered":"<p>Une cr\u00e9ation audacieuse qui marie des ingr\u00e9dients de premi\u00e8re qualit\u00e9 pour offrir une explosion de saveurs dans chaque bouch\u00e9e. Cette sauce unique, soigneusement \u00e9labor\u00e9e, est le compl\u00e9ment parfait pour sublimer vos plats pr\u00e9f\u00e9r\u00e9s, ajoutant une touche de gourmandise irr\u00e9sistible.<\/p>","protected":false},"featured_media":39267,"template":"","meta":[],"product_cat":[107],"product_tag":[],"class_list":{"0":"post-39266","1":"product","2":"type-product","3":"status-publish","4":"has-post-thumbnail","6":"product_cat-sauces","9":"first","10":"instock","11":"shipping-taxable","12":"product-type-simple"},"aioseo_notices":[],"_links":{"self":[{"href":"https:\/\/staliprodistribution.com\/fr\/wp-json\/wp\/v2\/product\/39266"}],"collection":[{"href":"https:\/\/staliprodistribution.com\/fr\/wp-json\/wp\/v2\/product"}],"about":[{"href":"https:\/\/staliprodistribution.com\/fr\/wp-json\/wp\/v2\/types\/product"}],"version-history":[{"count":3,"href":"https:\/\/staliprodistribution.com\/fr\/wp-json\/wp\/v2\/product\/39266\/revisions"}],"predecessor-version":[{"id":40250,"href":"https:\/\/staliprodistribution.com\/fr\/wp-json\/wp\/v2\/product\/39266\/revisions\/40250"}],"wp:featuredmedia":[{"embeddable":true,"href":"https:\/\/staliprodistribution.com\/fr\/wp-json\/wp\/v2\/media\/39267"}],"wp:attachment":[{"href":"https:\/\/staliprodistribution.com\/fr\/wp-json\/wp\/v2\/media?parent=39266"}],"wp:term":[{"taxonomy":"product_cat","embeddable":true,"href":"https:\/\/staliprodistribution.com\/fr\/wp-json\/wp\/v2\/product_cat?post=39266"},{"taxonomy":"product_tag","embeddable":true,"href":"https:\/\/staliprodistribution.com\/fr\/wp-json\/wp\/v2\/product_tag?post=39266"}],"curies":[{"name":"wp","href":"https:\/\/api.w.org\/{rel}","templated":true}]}}