{"id":39260,"date":"2023-12-29T15:48:30","date_gmt":"2023-12-29T15:48:30","guid":{"rendered":"https:\/\/staliprodistribution.com\/?post_type=product&#038;p=39260"},"modified":"2024-01-03T15:59:59","modified_gmt":"2024-01-03T15:59:59","slug":"ketchup-5l","status":"publish","type":"product","link":"https:\/\/staliprodistribution.com\/fr\/product\/ketchup-5l\/","title":{"rendered":"Ketchup 5L"},"content":{"rendered":"","protected":false},"excerpt":{"rendered":"<p>Red\u00e9couvrez le classique intemporel avec notre Ketchup Stali Pro. Une explosion de tomates m\u00fbres, d&rsquo;\u00e9pices subtiles et d&rsquo;une douceur \u00e9quilibr\u00e9e. Plongez dans une exp\u00e9rience gustative famili\u00e8re, \u00e9lev\u00e9e \u00e0 un niveau sup\u00e9rieur de qualit\u00e9 et de saveur, seulement chez Stali Pro<\/p>","protected":false},"featured_media":39261,"template":"","meta":[],"product_cat":[107],"product_tag":[],"class_list":{"0":"post-39260","1":"product","2":"type-product","3":"status-publish","4":"has-post-thumbnail","6":"product_cat-sauces","9":"first","10":"instock","11":"shipping-taxable","12":"product-type-simple"},"aioseo_notices":[],"_links":{"self":[{"href":"https:\/\/staliprodistribution.com\/fr\/wp-json\/wp\/v2\/product\/39260"}],"collection":[{"href":"https:\/\/staliprodistribution.com\/fr\/wp-json\/wp\/v2\/product"}],"about":[{"href":"https:\/\/staliprodistribution.com\/fr\/wp-json\/wp\/v2\/types\/product"}],"version-history":[{"count":3,"href":"https:\/\/staliprodistribution.com\/fr\/wp-json\/wp\/v2\/product\/39260\/revisions"}],"predecessor-version":[{"id":40247,"href":"https:\/\/staliprodistribution.com\/fr\/wp-json\/wp\/v2\/product\/39260\/revisions\/40247"}],"wp:featuredmedia":[{"embeddable":true,"href":"https:\/\/staliprodistribution.com\/fr\/wp-json\/wp\/v2\/media\/39261"}],"wp:attachment":[{"href":"https:\/\/staliprodistribution.com\/fr\/wp-json\/wp\/v2\/media?parent=39260"}],"wp:term":[{"taxonomy":"product_cat","embeddable":true,"href":"https:\/\/staliprodistribution.com\/fr\/wp-json\/wp\/v2\/product_cat?post=39260"},{"taxonomy":"product_tag","embeddable":true,"href":"https:\/\/staliprodistribution.com\/fr\/wp-json\/wp\/v2\/product_tag?post=39260"}],"curies":[{"name":"wp","href":"https:\/\/api.w.org\/{rel}","templated":true}]}}