{"id":39251,"date":"2023-12-29T15:46:23","date_gmt":"2023-12-29T15:46:23","guid":{"rendered":"https:\/\/staliprodistribution.com\/?post_type=product&#038;p=39251"},"modified":"2024-01-03T16:01:39","modified_gmt":"2024-01-03T16:01:39","slug":"pitta-kebab","status":"publish","type":"product","link":"https:\/\/staliprodistribution.com\/fr\/product\/pitta-kebab\/","title":{"rendered":"Pitta Kebab"},"content":{"rendered":"","protected":false},"excerpt":{"rendered":"<p>Notre sauce r\u00e9v\u00e8le une combinaison parfaite d&rsquo;herbes m\u00e9diterran\u00e9ennes, d&rsquo;\u00e9pices exotiques et d&rsquo;une texture onctueuse. Accompagnement id\u00e9al pour vos kebabs maison, cette sauce transporte vos papilles directement sur les march\u00e9s anim\u00e9s du Moyen-Orient.<\/p>","protected":false},"featured_media":39252,"template":"","meta":[],"product_cat":[107],"product_tag":[],"class_list":{"0":"post-39251","1":"product","2":"type-product","3":"status-publish","4":"has-post-thumbnail","6":"product_cat-sauces","9":"first","10":"instock","11":"shipping-taxable","12":"product-type-simple"},"aioseo_notices":[],"_links":{"self":[{"href":"https:\/\/staliprodistribution.com\/fr\/wp-json\/wp\/v2\/product\/39251"}],"collection":[{"href":"https:\/\/staliprodistribution.com\/fr\/wp-json\/wp\/v2\/product"}],"about":[{"href":"https:\/\/staliprodistribution.com\/fr\/wp-json\/wp\/v2\/types\/product"}],"version-history":[{"count":3,"href":"https:\/\/staliprodistribution.com\/fr\/wp-json\/wp\/v2\/product\/39251\/revisions"}],"predecessor-version":[{"id":40251,"href":"https:\/\/staliprodistribution.com\/fr\/wp-json\/wp\/v2\/product\/39251\/revisions\/40251"}],"wp:featuredmedia":[{"embeddable":true,"href":"https:\/\/staliprodistribution.com\/fr\/wp-json\/wp\/v2\/media\/39252"}],"wp:attachment":[{"href":"https:\/\/staliprodistribution.com\/fr\/wp-json\/wp\/v2\/media?parent=39251"}],"wp:term":[{"taxonomy":"product_cat","embeddable":true,"href":"https:\/\/staliprodistribution.com\/fr\/wp-json\/wp\/v2\/product_cat?post=39251"},{"taxonomy":"product_tag","embeddable":true,"href":"https:\/\/staliprodistribution.com\/fr\/wp-json\/wp\/v2\/product_tag?post=39251"}],"curies":[{"name":"wp","href":"https:\/\/api.w.org\/{rel}","templated":true}]}}