{"id":39246,"date":"2023-12-29T15:44:47","date_gmt":"2023-12-29T15:44:47","guid":{"rendered":"https:\/\/staliprodistribution.com\/?post_type=product&#038;p=39246"},"modified":"2024-01-03T16:02:15","modified_gmt":"2024-01-03T16:02:15","slug":"mayosnack-5kg","status":"publish","type":"product","link":"https:\/\/staliprodistribution.com\/fr\/product\/mayosnack-5kg\/","title":{"rendered":"Mayo&rsquo;Snack 5KG"},"content":{"rendered":"","protected":false},"excerpt":{"rendered":"<p>Cette mayonnaise de qualit\u00e9 sup\u00e9rieure offre une texture cr\u00e9meuse et un go\u00fbt riche, parfaitement adapt\u00e9e pour rehausser le plaisir de vos encas pr\u00e9f\u00e9r\u00e9s.<\/p>","protected":false},"featured_media":39247,"template":"","meta":[],"product_cat":[107],"product_tag":[],"class_list":{"0":"post-39246","1":"product","2":"type-product","3":"status-publish","4":"has-post-thumbnail","6":"product_cat-sauces","9":"first","10":"instock","11":"shipping-taxable","12":"product-type-simple"},"aioseo_notices":[],"_links":{"self":[{"href":"https:\/\/staliprodistribution.com\/fr\/wp-json\/wp\/v2\/product\/39246"}],"collection":[{"href":"https:\/\/staliprodistribution.com\/fr\/wp-json\/wp\/v2\/product"}],"about":[{"href":"https:\/\/staliprodistribution.com\/fr\/wp-json\/wp\/v2\/types\/product"}],"version-history":[{"count":3,"href":"https:\/\/staliprodistribution.com\/fr\/wp-json\/wp\/v2\/product\/39246\/revisions"}],"predecessor-version":[{"id":40252,"href":"https:\/\/staliprodistribution.com\/fr\/wp-json\/wp\/v2\/product\/39246\/revisions\/40252"}],"wp:featuredmedia":[{"embeddable":true,"href":"https:\/\/staliprodistribution.com\/fr\/wp-json\/wp\/v2\/media\/39247"}],"wp:attachment":[{"href":"https:\/\/staliprodistribution.com\/fr\/wp-json\/wp\/v2\/media?parent=39246"}],"wp:term":[{"taxonomy":"product_cat","embeddable":true,"href":"https:\/\/staliprodistribution.com\/fr\/wp-json\/wp\/v2\/product_cat?post=39246"},{"taxonomy":"product_tag","embeddable":true,"href":"https:\/\/staliprodistribution.com\/fr\/wp-json\/wp\/v2\/product_tag?post=39246"}],"curies":[{"name":"wp","href":"https:\/\/api.w.org\/{rel}","templated":true}]}}