{"id":39240,"date":"2023-12-29T15:42:39","date_gmt":"2023-12-29T15:42:39","guid":{"rendered":"https:\/\/staliprodistribution.com\/?post_type=product&#038;p=39240"},"modified":"2024-01-03T13:44:50","modified_gmt":"2024-01-03T13:44:50","slug":"bigburger-5kg","status":"publish","type":"product","link":"https:\/\/staliprodistribution.com\/fr\/product\/bigburger-5kg\/","title":{"rendered":"Bigburger 5KG"},"content":{"rendered":"<p>Cette cr\u00e9ation exceptionnelle offre un m\u00e9lange parfait de saveurs, avec des steaks juteux, des ingr\u00e9dients frais et une exp\u00e9rience culinaire de qualit\u00e9 sup\u00e9rieure.<\/p>","protected":false},"excerpt":{"rendered":"<p>Cette cr\u00e9ation exceptionnelle offre un m\u00e9lange parfait de saveurs, avec des steaks juteux, des ingr\u00e9dients frais et une exp\u00e9rience culinaire de qualit\u00e9 sup\u00e9rieure.<\/p>","protected":false},"featured_media":39241,"template":"","meta":[],"product_cat":[107],"product_tag":[],"class_list":{"0":"post-39240","1":"product","2":"type-product","3":"status-publish","4":"has-post-thumbnail","6":"product_cat-sauces","9":"first","10":"instock","11":"shipping-taxable","12":"product-type-simple"},"aioseo_notices":[],"_links":{"self":[{"href":"https:\/\/staliprodistribution.com\/fr\/wp-json\/wp\/v2\/product\/39240"}],"collection":[{"href":"https:\/\/staliprodistribution.com\/fr\/wp-json\/wp\/v2\/product"}],"about":[{"href":"https:\/\/staliprodistribution.com\/fr\/wp-json\/wp\/v2\/types\/product"}],"version-history":[{"count":2,"href":"https:\/\/staliprodistribution.com\/fr\/wp-json\/wp\/v2\/product\/39240\/revisions"}],"predecessor-version":[{"id":40143,"href":"https:\/\/staliprodistribution.com\/fr\/wp-json\/wp\/v2\/product\/39240\/revisions\/40143"}],"wp:featuredmedia":[{"embeddable":true,"href":"https:\/\/staliprodistribution.com\/fr\/wp-json\/wp\/v2\/media\/39241"}],"wp:attachment":[{"href":"https:\/\/staliprodistribution.com\/fr\/wp-json\/wp\/v2\/media?parent=39240"}],"wp:term":[{"taxonomy":"product_cat","embeddable":true,"href":"https:\/\/staliprodistribution.com\/fr\/wp-json\/wp\/v2\/product_cat?post=39240"},{"taxonomy":"product_tag","embeddable":true,"href":"https:\/\/staliprodistribution.com\/fr\/wp-json\/wp\/v2\/product_tag?post=39240"}],"curies":[{"name":"wp","href":"https:\/\/api.w.org\/{rel}","templated":true}]}}