{"id":39154,"date":"2023-12-29T14:55:39","date_gmt":"2023-12-29T14:55:39","guid":{"rendered":"https:\/\/staliprodistribution.com\/?post_type=product&#038;p=39154"},"modified":"2024-01-03T13:34:02","modified_gmt":"2024-01-03T13:34:02","slug":"boite-aliminum","status":"publish","type":"product","link":"https:\/\/staliprodistribution.com\/fr\/product\/boite-aliminum\/","title":{"rendered":"Aluminium"},"content":{"rendered":"<p>L&rsquo;aluminium, m\u00e9tal l\u00e9ger et mall\u00e9able, incarne l&rsquo;\u00e9quilibre parfait entre durabilit\u00e9 et polyvalence. Reconnu pour sa r\u00e9sistance \u00e0 la corrosion, il trouve une multitude d&rsquo;applications dans divers domaines, de l&rsquo;industrie a\u00e9rospatiale \u00e0 l&#8217;emballage alimentaire. Sa mall\u00e9abilit\u00e9 exceptionnelle permet la cr\u00e9ation de formes vari\u00e9es, tandis que sa l\u00e9g\u00e8ret\u00e9 en fait un choix privil\u00e9gi\u00e9 pour des applications n\u00e9cessitant \u00e0 la fois robustesse et l\u00e9g\u00e8ret\u00e9. Pr\u00e9sent dans notre quotidien, l&rsquo;aluminium est le pilier d&rsquo;une gamme infinie de produits, apportant innovation et efficacit\u00e9 \u00e0 notre monde moderne.<\/p>","protected":false},"excerpt":{"rendered":"<p>L&rsquo;aluminium, m\u00e9tal l\u00e9ger et mall\u00e9able, incarne l&rsquo;\u00e9quilibre parfait entre durabilit\u00e9 et polyvalence. Reconnu pour sa r\u00e9sistance \u00e0 la corrosion, il trouve une multitude d&rsquo;applications dans divers domaines, de l&rsquo;industrie a\u00e9rospatiale \u00e0 l&#8217;emballage alimentaire. Sa mall\u00e9abilit\u00e9 exceptionnelle permet la cr\u00e9ation de formes vari\u00e9es, tandis que sa l\u00e9g\u00e8ret\u00e9 en fait un choix privil\u00e9gi\u00e9 pour des applications n\u00e9cessitant [&hellip;]<\/p>","protected":false},"featured_media":39155,"template":"","meta":[],"product_cat":[147],"product_tag":[],"class_list":{"0":"post-39154","1":"product","2":"type-product","3":"status-publish","4":"has-post-thumbnail","6":"product_cat-emballages-et-packaging","9":"first","10":"instock","11":"shipping-taxable","12":"product-type-simple"},"aioseo_notices":[],"_links":{"self":[{"href":"https:\/\/staliprodistribution.com\/fr\/wp-json\/wp\/v2\/product\/39154"}],"collection":[{"href":"https:\/\/staliprodistribution.com\/fr\/wp-json\/wp\/v2\/product"}],"about":[{"href":"https:\/\/staliprodistribution.com\/fr\/wp-json\/wp\/v2\/types\/product"}],"version-history":[{"count":3,"href":"https:\/\/staliprodistribution.com\/fr\/wp-json\/wp\/v2\/product\/39154\/revisions"}],"predecessor-version":[{"id":40091,"href":"https:\/\/staliprodistribution.com\/fr\/wp-json\/wp\/v2\/product\/39154\/revisions\/40091"}],"wp:featuredmedia":[{"embeddable":true,"href":"https:\/\/staliprodistribution.com\/fr\/wp-json\/wp\/v2\/media\/39155"}],"wp:attachment":[{"href":"https:\/\/staliprodistribution.com\/fr\/wp-json\/wp\/v2\/media?parent=39154"}],"wp:term":[{"taxonomy":"product_cat","embeddable":true,"href":"https:\/\/staliprodistribution.com\/fr\/wp-json\/wp\/v2\/product_cat?post=39154"},{"taxonomy":"product_tag","embeddable":true,"href":"https:\/\/staliprodistribution.com\/fr\/wp-json\/wp\/v2\/product_tag?post=39154"}],"curies":[{"name":"wp","href":"https:\/\/api.w.org\/{rel}","templated":true}]}}