{"id":39059,"date":"2023-12-29T11:53:37","date_gmt":"2023-12-29T11:53:37","guid":{"rendered":"https:\/\/staliprodistribution.com\/?post_type=product&#038;p=39059"},"modified":"2024-01-03T16:03:29","modified_gmt":"2024-01-03T16:03:29","slug":"tiramisu-cara-choc","status":"publish","type":"product","link":"https:\/\/staliprodistribution.com\/fr\/product\/tiramisu-cara-choc\/","title":{"rendered":"Tiramisu"},"content":{"rendered":"","protected":false},"excerpt":{"rendered":"<p>Chaque couche de ce dessert embl\u00e9matique est une danse exquise entre le mascarpone cr\u00e9meux, les biscuits imbib\u00e9s de caf\u00e9 et une fine poussi\u00e8re de cacao.<\/p>","protected":false},"featured_media":39061,"template":"","meta":[],"product_cat":[145],"product_tag":[],"class_list":{"0":"post-39059","1":"product","2":"type-product","3":"status-publish","4":"has-post-thumbnail","6":"product_cat-desserts-et-tartes","9":"first","10":"instock","11":"shipping-taxable","12":"product-type-simple"},"aioseo_notices":[],"_links":{"self":[{"href":"https:\/\/staliprodistribution.com\/fr\/wp-json\/wp\/v2\/product\/39059"}],"collection":[{"href":"https:\/\/staliprodistribution.com\/fr\/wp-json\/wp\/v2\/product"}],"about":[{"href":"https:\/\/staliprodistribution.com\/fr\/wp-json\/wp\/v2\/types\/product"}],"version-history":[{"count":4,"href":"https:\/\/staliprodistribution.com\/fr\/wp-json\/wp\/v2\/product\/39059\/revisions"}],"predecessor-version":[{"id":40254,"href":"https:\/\/staliprodistribution.com\/fr\/wp-json\/wp\/v2\/product\/39059\/revisions\/40254"}],"wp:featuredmedia":[{"embeddable":true,"href":"https:\/\/staliprodistribution.com\/fr\/wp-json\/wp\/v2\/media\/39061"}],"wp:attachment":[{"href":"https:\/\/staliprodistribution.com\/fr\/wp-json\/wp\/v2\/media?parent=39059"}],"wp:term":[{"taxonomy":"product_cat","embeddable":true,"href":"https:\/\/staliprodistribution.com\/fr\/wp-json\/wp\/v2\/product_cat?post=39059"},{"taxonomy":"product_tag","embeddable":true,"href":"https:\/\/staliprodistribution.com\/fr\/wp-json\/wp\/v2\/product_tag?post=39059"}],"curies":[{"name":"wp","href":"https:\/\/api.w.org\/{rel}","templated":true}]}}