{"id":39032,"date":"2023-12-28T17:20:20","date_gmt":"2023-12-28T17:20:20","guid":{"rendered":"https:\/\/staliprodistribution.com\/?post_type=product&#038;p=39032"},"modified":"2024-01-03T16:04:06","modified_gmt":"2024-01-03T16:04:06","slug":"fondant-au-chocolat","status":"publish","type":"product","link":"https:\/\/staliprodistribution.com\/fr\/product\/fondant-au-chocolat\/","title":{"rendered":"Fondant au Chocolat"},"content":{"rendered":"","protected":false},"excerpt":{"rendered":"<p>Chaque portion de ce dessert somptueux est une symphonie de saveurs, o\u00f9 l&rsquo;intensit\u00e9 du chocolat noir rencontre la douceur fondante du c\u0153ur.<\/p>","protected":false},"featured_media":39033,"template":"","meta":[],"product_cat":[145],"product_tag":[],"class_list":{"0":"post-39032","1":"product","2":"type-product","3":"status-publish","4":"has-post-thumbnail","6":"product_cat-desserts-et-tartes","9":"first","10":"instock","11":"shipping-taxable","12":"product-type-simple"},"aioseo_notices":[],"_links":{"self":[{"href":"https:\/\/staliprodistribution.com\/fr\/wp-json\/wp\/v2\/product\/39032"}],"collection":[{"href":"https:\/\/staliprodistribution.com\/fr\/wp-json\/wp\/v2\/product"}],"about":[{"href":"https:\/\/staliprodistribution.com\/fr\/wp-json\/wp\/v2\/types\/product"}],"version-history":[{"count":3,"href":"https:\/\/staliprodistribution.com\/fr\/wp-json\/wp\/v2\/product\/39032\/revisions"}],"predecessor-version":[{"id":40256,"href":"https:\/\/staliprodistribution.com\/fr\/wp-json\/wp\/v2\/product\/39032\/revisions\/40256"}],"wp:featuredmedia":[{"embeddable":true,"href":"https:\/\/staliprodistribution.com\/fr\/wp-json\/wp\/v2\/media\/39033"}],"wp:attachment":[{"href":"https:\/\/staliprodistribution.com\/fr\/wp-json\/wp\/v2\/media?parent=39032"}],"wp:term":[{"taxonomy":"product_cat","embeddable":true,"href":"https:\/\/staliprodistribution.com\/fr\/wp-json\/wp\/v2\/product_cat?post=39032"},{"taxonomy":"product_tag","embeddable":true,"href":"https:\/\/staliprodistribution.com\/fr\/wp-json\/wp\/v2\/product_tag?post=39032"}],"curies":[{"name":"wp","href":"https:\/\/api.w.org\/{rel}","templated":true}]}}