{"id":39030,"date":"2023-12-28T17:18:42","date_gmt":"2023-12-28T17:18:42","guid":{"rendered":"https:\/\/staliprodistribution.com\/?post_type=product&#038;p=39030"},"modified":"2024-01-03T16:04:25","modified_gmt":"2024-01-03T16:04:25","slug":"tarte-normande-2","status":"publish","type":"product","link":"https:\/\/staliprodistribution.com\/fr\/product\/tarte-normande-2\/","title":{"rendered":"Tarte Normande"},"content":{"rendered":"","protected":false},"excerpt":{"rendered":"<p>Inspir\u00e9e par la tradition normande, cette cr\u00e9ation culinaire est pr\u00e9par\u00e9e avec soin pour vous offrir une exp\u00e9rience gustative authentique.<\/p>","protected":false},"featured_media":39026,"template":"","meta":[],"product_cat":[145],"product_tag":[],"class_list":{"0":"post-39030","1":"product","2":"type-product","3":"status-publish","4":"has-post-thumbnail","6":"product_cat-desserts-et-tartes","9":"first","10":"instock","11":"shipping-taxable","12":"product-type-simple"},"aioseo_notices":[],"_links":{"self":[{"href":"https:\/\/staliprodistribution.com\/fr\/wp-json\/wp\/v2\/product\/39030"}],"collection":[{"href":"https:\/\/staliprodistribution.com\/fr\/wp-json\/wp\/v2\/product"}],"about":[{"href":"https:\/\/staliprodistribution.com\/fr\/wp-json\/wp\/v2\/types\/product"}],"version-history":[{"count":3,"href":"https:\/\/staliprodistribution.com\/fr\/wp-json\/wp\/v2\/product\/39030\/revisions"}],"predecessor-version":[{"id":40257,"href":"https:\/\/staliprodistribution.com\/fr\/wp-json\/wp\/v2\/product\/39030\/revisions\/40257"}],"wp:featuredmedia":[{"embeddable":true,"href":"https:\/\/staliprodistribution.com\/fr\/wp-json\/wp\/v2\/media\/39026"}],"wp:attachment":[{"href":"https:\/\/staliprodistribution.com\/fr\/wp-json\/wp\/v2\/media?parent=39030"}],"wp:term":[{"taxonomy":"product_cat","embeddable":true,"href":"https:\/\/staliprodistribution.com\/fr\/wp-json\/wp\/v2\/product_cat?post=39030"},{"taxonomy":"product_tag","embeddable":true,"href":"https:\/\/staliprodistribution.com\/fr\/wp-json\/wp\/v2\/product_tag?post=39030"}],"curies":[{"name":"wp","href":"https:\/\/api.w.org\/{rel}","templated":true}]}}