{"id":39025,"date":"2023-12-28T17:17:21","date_gmt":"2023-12-28T17:17:21","guid":{"rendered":"https:\/\/staliprodistribution.com\/?post_type=product&#038;p=39025"},"modified":"2024-01-03T16:04:45","modified_gmt":"2024-01-03T16:04:45","slug":"tarte-normande","status":"publish","type":"product","link":"https:\/\/staliprodistribution.com\/fr\/product\/tarte-normande\/","title":{"rendered":"Macarons"},"content":{"rendered":"","protected":false},"excerpt":{"rendered":"<p>Chaque bouch\u00e9e est une exp\u00e9rience exquise, alliant des coques l\u00e9g\u00e8res \u00e0 une ganache onctueuse aux saveurs vari\u00e9es. Red\u00e9couvrez le raffinement de la p\u00e2tisserie fran\u00e7aise dans chaque macaron, soigneusement pr\u00e9par\u00e9 pour \u00e9veiller vos papilles.<\/p>","protected":false},"featured_media":39027,"template":"","meta":[],"product_cat":[145],"product_tag":[],"class_list":{"0":"post-39025","1":"product","2":"type-product","3":"status-publish","4":"has-post-thumbnail","6":"product_cat-desserts-et-tartes","9":"first","10":"instock","11":"shipping-taxable","12":"product-type-simple"},"aioseo_notices":[],"_links":{"self":[{"href":"https:\/\/staliprodistribution.com\/fr\/wp-json\/wp\/v2\/product\/39025"}],"collection":[{"href":"https:\/\/staliprodistribution.com\/fr\/wp-json\/wp\/v2\/product"}],"about":[{"href":"https:\/\/staliprodistribution.com\/fr\/wp-json\/wp\/v2\/types\/product"}],"version-history":[{"count":4,"href":"https:\/\/staliprodistribution.com\/fr\/wp-json\/wp\/v2\/product\/39025\/revisions"}],"predecessor-version":[{"id":40258,"href":"https:\/\/staliprodistribution.com\/fr\/wp-json\/wp\/v2\/product\/39025\/revisions\/40258"}],"wp:featuredmedia":[{"embeddable":true,"href":"https:\/\/staliprodistribution.com\/fr\/wp-json\/wp\/v2\/media\/39027"}],"wp:attachment":[{"href":"https:\/\/staliprodistribution.com\/fr\/wp-json\/wp\/v2\/media?parent=39025"}],"wp:term":[{"taxonomy":"product_cat","embeddable":true,"href":"https:\/\/staliprodistribution.com\/fr\/wp-json\/wp\/v2\/product_cat?post=39025"},{"taxonomy":"product_tag","embeddable":true,"href":"https:\/\/staliprodistribution.com\/fr\/wp-json\/wp\/v2\/product_tag?post=39025"}],"curies":[{"name":"wp","href":"https:\/\/api.w.org\/{rel}","templated":true}]}}