{"id":39022,"date":"2023-12-28T17:03:13","date_gmt":"2023-12-28T17:03:13","guid":{"rendered":"https:\/\/staliprodistribution.com\/?post_type=product&#038;p=39022"},"modified":"2024-01-03T16:05:09","modified_gmt":"2024-01-03T16:05:09","slug":"tarte-aux-pommes","status":"publish","type":"product","link":"https:\/\/staliprodistribution.com\/fr\/product\/tarte-aux-pommes\/","title":{"rendered":"Tarte aux Pommes"},"content":{"rendered":"","protected":false},"excerpt":{"rendered":"<p>Chaque bouch\u00e9e de cette tarte classique est une c\u00e9l\u00e9bration de la fra\u00eecheur des pommes, envelopp\u00e9es dans une p\u00e2te dor\u00e9e et croustillante.<\/p>","protected":false},"featured_media":39023,"template":"","meta":[],"product_cat":[145],"product_tag":[],"class_list":{"0":"post-39022","1":"product","2":"type-product","3":"status-publish","4":"has-post-thumbnail","6":"product_cat-desserts-et-tartes","9":"first","10":"instock","11":"shipping-taxable","12":"product-type-simple"},"aioseo_notices":[],"_links":{"self":[{"href":"https:\/\/staliprodistribution.com\/fr\/wp-json\/wp\/v2\/product\/39022"}],"collection":[{"href":"https:\/\/staliprodistribution.com\/fr\/wp-json\/wp\/v2\/product"}],"about":[{"href":"https:\/\/staliprodistribution.com\/fr\/wp-json\/wp\/v2\/types\/product"}],"version-history":[{"count":3,"href":"https:\/\/staliprodistribution.com\/fr\/wp-json\/wp\/v2\/product\/39022\/revisions"}],"predecessor-version":[{"id":40262,"href":"https:\/\/staliprodistribution.com\/fr\/wp-json\/wp\/v2\/product\/39022\/revisions\/40262"}],"wp:featuredmedia":[{"embeddable":true,"href":"https:\/\/staliprodistribution.com\/fr\/wp-json\/wp\/v2\/media\/39023"}],"wp:attachment":[{"href":"https:\/\/staliprodistribution.com\/fr\/wp-json\/wp\/v2\/media?parent=39022"}],"wp:term":[{"taxonomy":"product_cat","embeddable":true,"href":"https:\/\/staliprodistribution.com\/fr\/wp-json\/wp\/v2\/product_cat?post=39022"},{"taxonomy":"product_tag","embeddable":true,"href":"https:\/\/staliprodistribution.com\/fr\/wp-json\/wp\/v2\/product_tag?post=39022"}],"curies":[{"name":"wp","href":"https:\/\/api.w.org\/{rel}","templated":true}]}}