{"id":39019,"date":"2023-12-28T16:59:38","date_gmt":"2023-12-28T16:59:38","guid":{"rendered":"https:\/\/staliprodistribution.com\/?post_type=product&#038;p=39019"},"modified":"2024-01-03T16:05:32","modified_gmt":"2024-01-03T16:05:32","slug":"tarte-citron-pasquier","status":"publish","type":"product","link":"https:\/\/staliprodistribution.com\/fr\/product\/tarte-citron-pasquier\/","title":{"rendered":"Tarte Citron Pasquier"},"content":{"rendered":"","protected":false},"excerpt":{"rendered":"<p>Chaque part de cette d\u00e9licieuse tarte est une exp\u00e9rience gustative exquise, mariant la douceur de la cr\u00e8me au citron avec une cro\u00fbte d\u00e9licieusement croustillante.<\/p>","protected":false},"featured_media":39020,"template":"","meta":[],"product_cat":[145],"product_tag":[],"class_list":{"0":"post-39019","1":"product","2":"type-product","3":"status-publish","4":"has-post-thumbnail","6":"product_cat-desserts-et-tartes","9":"first","10":"instock","11":"shipping-taxable","12":"product-type-simple"},"aioseo_notices":[],"_links":{"self":[{"href":"https:\/\/staliprodistribution.com\/fr\/wp-json\/wp\/v2\/product\/39019"}],"collection":[{"href":"https:\/\/staliprodistribution.com\/fr\/wp-json\/wp\/v2\/product"}],"about":[{"href":"https:\/\/staliprodistribution.com\/fr\/wp-json\/wp\/v2\/types\/product"}],"version-history":[{"count":3,"href":"https:\/\/staliprodistribution.com\/fr\/wp-json\/wp\/v2\/product\/39019\/revisions"}],"predecessor-version":[{"id":40263,"href":"https:\/\/staliprodistribution.com\/fr\/wp-json\/wp\/v2\/product\/39019\/revisions\/40263"}],"wp:featuredmedia":[{"embeddable":true,"href":"https:\/\/staliprodistribution.com\/fr\/wp-json\/wp\/v2\/media\/39020"}],"wp:attachment":[{"href":"https:\/\/staliprodistribution.com\/fr\/wp-json\/wp\/v2\/media?parent=39019"}],"wp:term":[{"taxonomy":"product_cat","embeddable":true,"href":"https:\/\/staliprodistribution.com\/fr\/wp-json\/wp\/v2\/product_cat?post=39019"},{"taxonomy":"product_tag","embeddable":true,"href":"https:\/\/staliprodistribution.com\/fr\/wp-json\/wp\/v2\/product_tag?post=39019"}],"curies":[{"name":"wp","href":"https:\/\/api.w.org\/{rel}","templated":true}]}}