{"id":39016,"date":"2023-12-28T16:56:15","date_gmt":"2023-12-28T16:56:15","guid":{"rendered":"https:\/\/staliprodistribution.com\/?post_type=product&#038;p=39016"},"modified":"2024-01-03T16:06:12","modified_gmt":"2024-01-03T16:06:12","slug":"tarte-au-daim","status":"publish","type":"product","link":"https:\/\/staliprodistribution.com\/fr\/product\/tarte-au-daim\/","title":{"rendered":"Tarte au Daim"},"content":{"rendered":"","protected":false},"excerpt":{"rendered":"<p>D\u00e9couvrez l&rsquo;extase du caramel croquant avec notre Tarte au Daim Stali Pro. Chaque part de cette cr\u00e9ation exquise marie la richesse du caramel fondant aux \u00e9clats croustillants de chocolat Daim, reposant sur une p\u00e2te sabl\u00e9e parfaitement dor\u00e9e.<\/p>","protected":false},"featured_media":39017,"template":"","meta":[],"product_cat":[145],"product_tag":[],"class_list":{"0":"post-39016","1":"product","2":"type-product","3":"status-publish","4":"has-post-thumbnail","6":"product_cat-desserts-et-tartes","9":"first","10":"instock","11":"shipping-taxable","12":"product-type-simple"},"aioseo_notices":[],"_links":{"self":[{"href":"https:\/\/staliprodistribution.com\/fr\/wp-json\/wp\/v2\/product\/39016"}],"collection":[{"href":"https:\/\/staliprodistribution.com\/fr\/wp-json\/wp\/v2\/product"}],"about":[{"href":"https:\/\/staliprodistribution.com\/fr\/wp-json\/wp\/v2\/types\/product"}],"version-history":[{"count":3,"href":"https:\/\/staliprodistribution.com\/fr\/wp-json\/wp\/v2\/product\/39016\/revisions"}],"predecessor-version":[{"id":40264,"href":"https:\/\/staliprodistribution.com\/fr\/wp-json\/wp\/v2\/product\/39016\/revisions\/40264"}],"wp:featuredmedia":[{"embeddable":true,"href":"https:\/\/staliprodistribution.com\/fr\/wp-json\/wp\/v2\/media\/39017"}],"wp:attachment":[{"href":"https:\/\/staliprodistribution.com\/fr\/wp-json\/wp\/v2\/media?parent=39016"}],"wp:term":[{"taxonomy":"product_cat","embeddable":true,"href":"https:\/\/staliprodistribution.com\/fr\/wp-json\/wp\/v2\/product_cat?post=39016"},{"taxonomy":"product_tag","embeddable":true,"href":"https:\/\/staliprodistribution.com\/fr\/wp-json\/wp\/v2\/product_tag?post=39016"}],"curies":[{"name":"wp","href":"https:\/\/api.w.org\/{rel}","templated":true}]}}