{"id":39010,"date":"2023-12-28T16:43:10","date_gmt":"2023-12-28T16:43:10","guid":{"rendered":"https:\/\/staliprodistribution.com\/?post_type=product&#038;p=39010"},"modified":"2024-01-03T16:06:56","modified_gmt":"2024-01-03T16:06:56","slug":"donuts-milka-daim","status":"publish","type":"product","link":"https:\/\/staliprodistribution.com\/fr\/product\/donuts-milka-daim\/","title":{"rendered":"Donuts Milka &#038; Daim"},"content":{"rendered":"","protected":false},"excerpt":{"rendered":"<p>Plongez dans le monde d\u00e9licieusement irr\u00e9sistible de nos Donuts Milka &amp; Daim Stali Pro. Chaque bouch\u00e9e est une aventure gourmande, o\u00f9 la douceur velout\u00e9e du chocolat Milka fusionne avec les \u00e9clats croquants du d\u00e9licieux caramel Daim.<\/p>","protected":false},"featured_media":39011,"template":"","meta":[],"product_cat":[145],"product_tag":[],"class_list":{"0":"post-39010","1":"product","2":"type-product","3":"status-publish","4":"has-post-thumbnail","6":"product_cat-desserts-et-tartes","9":"first","10":"instock","11":"shipping-taxable","12":"product-type-simple"},"aioseo_notices":[],"_links":{"self":[{"href":"https:\/\/staliprodistribution.com\/fr\/wp-json\/wp\/v2\/product\/39010"}],"collection":[{"href":"https:\/\/staliprodistribution.com\/fr\/wp-json\/wp\/v2\/product"}],"about":[{"href":"https:\/\/staliprodistribution.com\/fr\/wp-json\/wp\/v2\/types\/product"}],"version-history":[{"count":3,"href":"https:\/\/staliprodistribution.com\/fr\/wp-json\/wp\/v2\/product\/39010\/revisions"}],"predecessor-version":[{"id":40269,"href":"https:\/\/staliprodistribution.com\/fr\/wp-json\/wp\/v2\/product\/39010\/revisions\/40269"}],"wp:featuredmedia":[{"embeddable":true,"href":"https:\/\/staliprodistribution.com\/fr\/wp-json\/wp\/v2\/media\/39011"}],"wp:attachment":[{"href":"https:\/\/staliprodistribution.com\/fr\/wp-json\/wp\/v2\/media?parent=39010"}],"wp:term":[{"taxonomy":"product_cat","embeddable":true,"href":"https:\/\/staliprodistribution.com\/fr\/wp-json\/wp\/v2\/product_cat?post=39010"},{"taxonomy":"product_tag","embeddable":true,"href":"https:\/\/staliprodistribution.com\/fr\/wp-json\/wp\/v2\/product_tag?post=39010"}],"curies":[{"name":"wp","href":"https:\/\/api.w.org\/{rel}","templated":true}]}}