{"id":39007,"date":"2023-12-28T16:40:43","date_gmt":"2023-12-28T16:40:43","guid":{"rendered":"https:\/\/staliprodistribution.com\/?post_type=product&#038;p=39007"},"modified":"2024-01-03T16:07:16","modified_gmt":"2024-01-03T16:07:16","slug":"donuts-oreo","status":"publish","type":"product","link":"https:\/\/staliprodistribution.com\/fr\/product\/donuts-oreo\/","title":{"rendered":"Donuts Oreo"},"content":{"rendered":"","protected":false},"excerpt":{"rendered":"<p>Pr\u00e9par\u00e9s avec soin pour cr\u00e9er une harmonie parfaite de textures et de saveurs, nos Donuts Oreo sont une v\u00e9ritable c\u00e9l\u00e9bration du plaisir sucr\u00e9.<\/p>","protected":false},"featured_media":39008,"template":"","meta":[],"product_cat":[145],"product_tag":[],"class_list":{"0":"post-39007","1":"product","2":"type-product","3":"status-publish","4":"has-post-thumbnail","6":"product_cat-desserts-et-tartes","9":"first","10":"instock","11":"shipping-taxable","12":"product-type-simple"},"aioseo_notices":[],"_links":{"self":[{"href":"https:\/\/staliprodistribution.com\/fr\/wp-json\/wp\/v2\/product\/39007"}],"collection":[{"href":"https:\/\/staliprodistribution.com\/fr\/wp-json\/wp\/v2\/product"}],"about":[{"href":"https:\/\/staliprodistribution.com\/fr\/wp-json\/wp\/v2\/types\/product"}],"version-history":[{"count":3,"href":"https:\/\/staliprodistribution.com\/fr\/wp-json\/wp\/v2\/product\/39007\/revisions"}],"predecessor-version":[{"id":40273,"href":"https:\/\/staliprodistribution.com\/fr\/wp-json\/wp\/v2\/product\/39007\/revisions\/40273"}],"wp:featuredmedia":[{"embeddable":true,"href":"https:\/\/staliprodistribution.com\/fr\/wp-json\/wp\/v2\/media\/39008"}],"wp:attachment":[{"href":"https:\/\/staliprodistribution.com\/fr\/wp-json\/wp\/v2\/media?parent=39007"}],"wp:term":[{"taxonomy":"product_cat","embeddable":true,"href":"https:\/\/staliprodistribution.com\/fr\/wp-json\/wp\/v2\/product_cat?post=39007"},{"taxonomy":"product_tag","embeddable":true,"href":"https:\/\/staliprodistribution.com\/fr\/wp-json\/wp\/v2\/product_tag?post=39007"}],"curies":[{"name":"wp","href":"https:\/\/api.w.org\/{rel}","templated":true}]}}