{"id":39004,"date":"2023-12-28T16:39:03","date_gmt":"2023-12-28T16:39:03","guid":{"rendered":"https:\/\/staliprodistribution.com\/?post_type=product&#038;p=39004"},"modified":"2024-01-03T16:07:36","modified_gmt":"2024-01-03T16:07:36","slug":"donuts-fraise","status":"publish","type":"product","link":"https:\/\/staliprodistribution.com\/fr\/product\/donuts-fraise\/","title":{"rendered":"Donuts Fraise"},"content":{"rendered":"","protected":false},"excerpt":{"rendered":"<p>Chaque bouch\u00e9e de ces d\u00e9licieux donuts est une explosion de saveurs sucr\u00e9es, avec une garniture g\u00e9n\u00e9reuse \u00e0 la fraise qui vient compl\u00e9ter la moelleuset\u00e9 irr\u00e9sistible de la p\u00e2te.<\/p>","protected":false},"featured_media":39005,"template":"","meta":[],"product_cat":[145],"product_tag":[],"class_list":{"0":"post-39004","1":"product","2":"type-product","3":"status-publish","4":"has-post-thumbnail","6":"product_cat-desserts-et-tartes","9":"first","10":"instock","11":"shipping-taxable","12":"product-type-simple"},"aioseo_notices":[],"_links":{"self":[{"href":"https:\/\/staliprodistribution.com\/fr\/wp-json\/wp\/v2\/product\/39004"}],"collection":[{"href":"https:\/\/staliprodistribution.com\/fr\/wp-json\/wp\/v2\/product"}],"about":[{"href":"https:\/\/staliprodistribution.com\/fr\/wp-json\/wp\/v2\/types\/product"}],"version-history":[{"count":3,"href":"https:\/\/staliprodistribution.com\/fr\/wp-json\/wp\/v2\/product\/39004\/revisions"}],"predecessor-version":[{"id":40277,"href":"https:\/\/staliprodistribution.com\/fr\/wp-json\/wp\/v2\/product\/39004\/revisions\/40277"}],"wp:featuredmedia":[{"embeddable":true,"href":"https:\/\/staliprodistribution.com\/fr\/wp-json\/wp\/v2\/media\/39005"}],"wp:attachment":[{"href":"https:\/\/staliprodistribution.com\/fr\/wp-json\/wp\/v2\/media?parent=39004"}],"wp:term":[{"taxonomy":"product_cat","embeddable":true,"href":"https:\/\/staliprodistribution.com\/fr\/wp-json\/wp\/v2\/product_cat?post=39004"},{"taxonomy":"product_tag","embeddable":true,"href":"https:\/\/staliprodistribution.com\/fr\/wp-json\/wp\/v2\/product_tag?post=39004"}],"curies":[{"name":"wp","href":"https:\/\/api.w.org\/{rel}","templated":true}]}}