{"id":38998,"date":"2023-12-28T16:33:03","date_gmt":"2023-12-28T16:33:03","guid":{"rendered":"https:\/\/staliprodistribution.com\/?post_type=product&#038;p=38998"},"modified":"2024-01-03T16:08:19","modified_gmt":"2024-01-03T16:08:19","slug":"fruits-de-mer","status":"publish","type":"product","link":"https:\/\/staliprodistribution.com\/fr\/product\/fruits-de-mer\/","title":{"rendered":"Fruits de Mer"},"content":{"rendered":"","protected":false},"excerpt":{"rendered":"<p>Une vari\u00e9t\u00e9 de fruits de mer soigneusement s\u00e9lectionn\u00e9s pour leur fra\u00eecheur et leur qualit\u00e9.<\/p>","protected":false},"featured_media":38999,"template":"","meta":[],"product_cat":[146],"product_tag":[],"class_list":{"0":"post-38998","1":"product","2":"type-product","3":"status-publish","4":"has-post-thumbnail","6":"product_cat-produits-de-mer","9":"first","10":"instock","11":"shipping-taxable","12":"product-type-simple"},"aioseo_notices":[],"_links":{"self":[{"href":"https:\/\/staliprodistribution.com\/fr\/wp-json\/wp\/v2\/product\/38998"}],"collection":[{"href":"https:\/\/staliprodistribution.com\/fr\/wp-json\/wp\/v2\/product"}],"about":[{"href":"https:\/\/staliprodistribution.com\/fr\/wp-json\/wp\/v2\/types\/product"}],"version-history":[{"count":3,"href":"https:\/\/staliprodistribution.com\/fr\/wp-json\/wp\/v2\/product\/38998\/revisions"}],"predecessor-version":[{"id":40285,"href":"https:\/\/staliprodistribution.com\/fr\/wp-json\/wp\/v2\/product\/38998\/revisions\/40285"}],"wp:featuredmedia":[{"embeddable":true,"href":"https:\/\/staliprodistribution.com\/fr\/wp-json\/wp\/v2\/media\/38999"}],"wp:attachment":[{"href":"https:\/\/staliprodistribution.com\/fr\/wp-json\/wp\/v2\/media?parent=38998"}],"wp:term":[{"taxonomy":"product_cat","embeddable":true,"href":"https:\/\/staliprodistribution.com\/fr\/wp-json\/wp\/v2\/product_cat?post=38998"},{"taxonomy":"product_tag","embeddable":true,"href":"https:\/\/staliprodistribution.com\/fr\/wp-json\/wp\/v2\/product_tag?post=38998"}],"curies":[{"name":"wp","href":"https:\/\/api.w.org\/{rel}","templated":true}]}}