{"id":38977,"date":"2023-12-28T16:17:36","date_gmt":"2023-12-28T16:17:36","guid":{"rendered":"https:\/\/staliprodistribution.com\/?post_type=product&#038;p=38977"},"modified":"2024-01-03T16:08:46","modified_gmt":"2024-01-03T16:08:46","slug":"glace-chocolat","status":"publish","type":"product","link":"https:\/\/staliprodistribution.com\/fr\/product\/glace-chocolat\/","title":{"rendered":"Glace Chocolat"},"content":{"rendered":"","protected":false},"excerpt":{"rendered":"<p>Chaque cuiller\u00e9e est une exp\u00e9rience indulgente o\u00f9 la richesse velout\u00e9e du chocolat se marie \u00e0 la fra\u00eecheur cr\u00e9meuse de la glace. Pr\u00e9par\u00e9e avec des ingr\u00e9dients de premi\u00e8re qualit\u00e9, notre Glace au Chocolat offre une symphonie de saveurs qui ravira les amateurs de chocolat les plus exigeants.<\/p>","protected":false},"featured_media":38978,"template":"","meta":[],"product_cat":[145],"product_tag":[],"class_list":{"0":"post-38977","1":"product","2":"type-product","3":"status-publish","4":"has-post-thumbnail","6":"product_cat-desserts-et-tartes","9":"first","10":"instock","11":"shipping-taxable","12":"product-type-simple"},"aioseo_notices":[],"_links":{"self":[{"href":"https:\/\/staliprodistribution.com\/fr\/wp-json\/wp\/v2\/product\/38977"}],"collection":[{"href":"https:\/\/staliprodistribution.com\/fr\/wp-json\/wp\/v2\/product"}],"about":[{"href":"https:\/\/staliprodistribution.com\/fr\/wp-json\/wp\/v2\/types\/product"}],"version-history":[{"count":3,"href":"https:\/\/staliprodistribution.com\/fr\/wp-json\/wp\/v2\/product\/38977\/revisions"}],"predecessor-version":[{"id":40289,"href":"https:\/\/staliprodistribution.com\/fr\/wp-json\/wp\/v2\/product\/38977\/revisions\/40289"}],"wp:featuredmedia":[{"embeddable":true,"href":"https:\/\/staliprodistribution.com\/fr\/wp-json\/wp\/v2\/media\/38978"}],"wp:attachment":[{"href":"https:\/\/staliprodistribution.com\/fr\/wp-json\/wp\/v2\/media?parent=38977"}],"wp:term":[{"taxonomy":"product_cat","embeddable":true,"href":"https:\/\/staliprodistribution.com\/fr\/wp-json\/wp\/v2\/product_cat?post=38977"},{"taxonomy":"product_tag","embeddable":true,"href":"https:\/\/staliprodistribution.com\/fr\/wp-json\/wp\/v2\/product_tag?post=38977"}],"curies":[{"name":"wp","href":"https:\/\/api.w.org\/{rel}","templated":true}]}}